{"id":3080,"date":"2020-07-02T15:01:21","date_gmt":"2020-07-02T13:01:21","guid":{"rendered":"https:\/\/getec-gmbh.com\/newsletter\/"},"modified":"2024-04-19T12:13:12","modified_gmt":"2024-04-19T10:13:12","slug":"newsletter","status":"publish","type":"page","link":"https:\/\/www.getec-gmbh.com\/de\/newsletter\/","title":{"rendered":"Newsletter"},"content":{"rendered":"<div class=\"wpb-content-wrapper\"><p>[vc_row][vc_column]\n\t\t\t<!-- START Newsletter REVOLUTION SLIDER 6.7.34 --><p class=\"rs-p-wp-fix\"><\/p>\n\t\t\t<rs-module-wrap id=\"rev_slider_14_1_wrapper\" data-source=\"gallery\" style=\"visibility:hidden;background:transparent;padding:0;margin:0px auto;margin-top:0;margin-bottom:0;\">\n\t\t\t\t<rs-module id=\"rev_slider_14_1\" style=\"\" data-version=\"6.7.34\">\n\t\t\t\t\t<rs-slides style=\"overflow: hidden; position: absolute;\">\n\t\t\t\t\t\t<rs-slide style=\"position: absolute;\" data-key=\"rs-61\" data-title=\"Slide\" data-anim=\"ms:1000;r:0;\" data-in=\"o:0;\" data-out=\"a:false;\">\n\t\t\t\t\t\t\t<img decoding=\"async\" src=\"\/\/www.getec-gmbh.com\/wp-content\/plugins\/revslider\/sr6\/assets\/assets\/dummy.png\" alt=\"\" title=\"newsletter-head\" width=\"1240\" height=\"401\" class=\"rev-slidebg tp-rs-img rs-lazyload\" data-lazyload=\"\/\/getec-gmbh.com\/wp-content\/uploads\/newsletter-head.jpg\" data-no-retina>\n<!--\n\t\t\t\t\t\t\t--><rs-layer\n\t\t\t\t\t\t\t\tid=\"slider-14-slide-61-layer-0\" \n\t\t\t\t\t\t\t\tdata-type=\"shape\"\n\t\t\t\t\t\t\t\tdata-rsp_ch=\"on\"\n\t\t\t\t\t\t\t\tdata-xy=\"x:l,l,l,r;xo:64px,64px,64px,0;y:t,t,t,b;yo:130px,130px,130px,0;\"\n\t\t\t\t\t\t\t\tdata-text=\"w:normal;\"\n\t\t\t\t\t\t\t\tdata-dim=\"w:501px,501px,501px,358px;h:229px,229px,229px,143px;\"\n\t\t\t\t\t\t\t\tdata-blendmode=\"multiply\"\n\t\t\t\t\t\t\t\tdata-border=\"bor:65px,0,0,0;\"\n\t\t\t\t\t\t\t\tdata-frame_999=\"o:0;st:w;\"\n\t\t\t\t\t\t\t\tstyle=\"z-index:5;background-color:#124180;\"\n\t\t\t\t\t\t\t> \n\t\t\t\t\t\t\t<\/rs-layer><!--\n\n\t\t\t\t\t\t\t--><rs-layer\n\t\t\t\t\t\t\t\tid=\"slider-14-slide-61-layer-1\" \n\t\t\t\t\t\t\t\tdata-type=\"text\"\n\t\t\t\t\t\t\t\tdata-rsp_ch=\"on\"\n\t\t\t\t\t\t\t\tdata-xy=\"xo:121px,121px,121px,165px;yo:176px,176px,176px,240px;\"\n\t\t\t\t\t\t\t\tdata-text=\"w:normal;s:40,40,40,29;l:42,42,42,29;\"\n\t\t\t\t\t\t\t\tdata-dim=\"w:auto,auto,auto,300px;\"\n\t\t\t\t\t\t\t\tdata-frame_999=\"o:0;st:w;\"\n\t\t\t\t\t\t\t\tstyle=\"z-index:6;font-family:'Catamaran';text-transform:uppercase;\"\n\t\t\t\t\t\t\t>Lesen Sie unseren<br \/>\nNewsletter \n\t\t\t\t\t\t\t<\/rs-layer><!--\n\n\t\t\t\t\t\t\t--><rs-layer\n\t\t\t\t\t\t\t\tid=\"slider-14-slide-61-layer-2\" \n\t\t\t\t\t\t\t\tdata-type=\"shape\"\n\t\t\t\t\t\t\t\tdata-rsp_ch=\"on\"\n\t\t\t\t\t\t\t\tdata-xy=\"xo:121px,121px,121px,165px;yo:275px,275px,275px,307px;\"\n\t\t\t\t\t\t\t\tdata-text=\"w:normal;\"\n\t\t\t\t\t\t\t\tdata-dim=\"w:200px,200px,200px,77px;h:3px,3px,3px,1px;\"\n\t\t\t\t\t\t\t\tdata-frame_999=\"o:0;st:w;\"\n\t\t\t\t\t\t\t\tstyle=\"z-index:7;background-color:#ffffff;\"\n\t\t\t\t\t\t\t> \n\t\t\t\t\t\t\t<\/rs-layer><!--\n\n\t\t\t\t\t\t\t--><rs-layer\n\t\t\t\t\t\t\t\tid=\"slider-14-slide-61-layer-3\" \n\t\t\t\t\t\t\t\tdata-type=\"text\"\n\t\t\t\t\t\t\t\tdata-rsp_ch=\"on\"\n\t\t\t\t\t\t\t\tdata-xy=\"xo:121px,121px,121px,165px;yo:297px,297px,297px,315px;\"\n\t\t\t\t\t\t\t\tdata-text=\"w:normal;s:16;\"\n\t\t\t\t\t\t\t\tdata-frame_999=\"o:0;st:w;\"\n\t\t\t\t\t\t\t\tstyle=\"z-index:8;font-family:'Catamaran';\"\n\t\t\t\t\t\t\t>Advanced technology \n\t\t\t\t\t\t\t<\/rs-layer><!--\n\n\t\t\t\t\t\t\t--><rs-layer\n\t\t\t\t\t\t\t\tid=\"slider-14-slide-61-layer-6\" \n\t\t\t\t\t\t\t\tdata-type=\"image\"\n\t\t\t\t\t\t\t\tdata-rsp_ch=\"on\"\n\t\t\t\t\t\t\t\tdata-xy=\"x:r;y:b;\"\n\t\t\t\t\t\t\t\tdata-text=\"w:normal;\"\n\t\t\t\t\t\t\t\tdata-dim=\"w:272px,272px,272px,104px;h:292px,292px,292px,112px;\"\n\t\t\t\t\t\t\t\tdata-frame_999=\"o:0;st:w;\"\n\t\t\t\t\t\t\t\tstyle=\"z-index:10;\"\n\t\t\t\t\t\t\t><img decoding=\"async\" src=\"\/\/www.getec-gmbh.com\/wp-content\/plugins\/revslider\/sr6\/assets\/assets\/dummy.png\" alt=\"\" class=\"tp-rs-img rs-lazyload\" data-lazyload=\"\/\/getec-gmbh.com\/wp-content\/uploads\/logo-icon-white.svg\" data-no-retina> \n\t\t\t\t\t\t\t<\/rs-layer><!--\n-->\t\t\t\t\t<\/rs-slide>\n\t\t\t\t\t<\/rs-slides>\n\t\t\t\t<\/rs-module>\n\t\t\t\t<script>\n\t\t\t\t\tsetREVStartSize({c: 'rev_slider_14_1',rl:[1240,1240,1240,480],el:[400,400,400,350],gw:[1240,1240,1240,480],gh:[400,400,400,350],type:'standard',justify:'',layout:'fullwidth',mh:\"0\"});if (window.RS_MODULES!==undefined && window.RS_MODULES.modules!==undefined && window.RS_MODULES.modules[\"revslider141\"]!==undefined) {window.RS_MODULES.modules[\"revslider141\"].once = false;window.revapi14 = undefined;if (window.RS_MODULES.checkMinimal!==undefined) window.RS_MODULES.checkMinimal()}\n\t\t\t\t<\/script>\n\t\t\t<\/rs-module-wrap>\n\t\t\t<!-- END REVOLUTION SLIDER -->\n[\/vc_column][\/vc_row][vc_row full_width=&#8220;stretch_row&#8220; content_placement=&#8220;top&#8220; css=&#8220;.vc_custom_1597236040535{background-color: #e5e5e5 !important;}&#8220;][vc_column la_animation_duration=&#8220;1&#8243; la_animation_delay=&#8220;0&#8243; la_animation_iteration_count=&#8220;1&#8243; css=&#8220;.vc_custom_1597236028897{padding-top: 15px !important;}&#8220;][vc_wp_custommenu nav_menu=&#8220;37&#8243; el_class=&#8220;sub_nav&#8220;][\/vc_column][\/vc_row][vc_row content_placement=&#8220;middle&#8220; css=&#8220;.vc_custom_1594240712862{padding-top: 20px !important;}&#8220;][vc_column][vc_column_text]<\/p>\n<h2>DIE NEUESTEN MARKT- UND TECHNOLOGIEINFORMATIONEN AUS DER AUTOMOBILINDUSTRIE MIT SCHWERPUNKT ANTRIEBSSTRANG ERHALTEN<\/h2>\n<p>[\/vc_column_text][\/vc_column][\/vc_row][vc_row][vc_column width=&#8220;1\/2&#8243;][vc_column_text css=&#8220;.vc_custom_1713521030775{margin-bottom: 15px !important;padding-top: 25px !important;padding-right: 15px !important;}&#8220;]<strong>April 2024<br \/>\n<\/strong>[\/vc_column_text][vc_row_inner content_placement=&#8220;bottom&#8220;][vc_column_inner width=&#8220;1\/2&#8243;][vc_single_image image=&#8220;3991&#8243; img_size=&#8220;full&#8220; alignment=&#8220;center&#8220;][\/vc_column_inner][vc_column_inner width=&#8220;1\/2&#8243;][vc_column_text]<\/p>\n<hr \/>\n<p><a href=\"https:\/\/www.getec-gmbh.com\/wp-content\/uploads\/Newsletter-2024-03-GETEC-EN-24-4.pdf\" target=\"_blank\" rel=\"noopener noreferrer\">Englisch lesen<\/a><\/p>\n<hr \/>\n<p><a href=\"https:\/\/www.getec-gmbh.com\/wp-content\/uploads\/Newsletter-2024-03-GETEC-DE-24-4.pdf\" target=\"_blank\" rel=\"noopener noreferrer\">Deutsch lesen<\/a>[\/vc_column_text][\/vc_column_inner][\/vc_row_inner][vc_column_text css=&#8220;.vc_custom_1713521181600{margin-bottom: 15px !important;padding-top: 25px !important;padding-right: 15px !important;}&#8220;]<strong>Dezember 2023<br \/>\n<\/strong>[\/vc_column_text][vc_row_inner content_placement=&#8220;bottom&#8220;][vc_column_inner width=&#8220;1\/2&#8243;][vc_single_image image=&#8220;3994&#8243; img_size=&#8220;full&#8220; alignment=&#8220;center&#8220;][\/vc_column_inner][vc_column_inner width=&#8220;1\/2&#8243;][vc_column_text]<\/p>\n<hr \/>\n<p><a href=\"https:\/\/www.getec-gmbh.com\/wp-content\/uploads\/GETEC-Advanced-Technology-Newsletter_English_202312.pdf\" target=\"_blank\" rel=\"noopener noreferrer\">Englisch lesen<\/a><\/p>\n<hr \/>\n<p><a href=\"https:\/\/www.getec-gmbh.com\/wp-content\/uploads\/GETEC-Advanced-Technology-Newsletter_Deutsch_202312.pdf\" target=\"_blank\" rel=\"noopener noreferrer\">Deutsch lesen<\/a>[\/vc_column_text][\/vc_column_inner][\/vc_row_inner][vc_column_text css=&#8220;.vc_custom_1692796228253{margin-bottom: 15px !important;padding-top: 25px !important;padding-right: 15px !important;}&#8220;]<strong>Juni 2023<br \/>\n<\/strong>[\/vc_column_text][vc_row_inner content_placement=&#8220;bottom&#8220;][vc_column_inner width=&#8220;1\/2&#8243;][vc_single_image image=&#8220;3896&#8243; img_size=&#8220;full&#8220; alignment=&#8220;center&#8220;][\/vc_column_inner][vc_column_inner width=&#8220;1\/2&#8243;][vc_column_text]<\/p>\n<hr \/>\n<p><a href=\"https:\/\/www.getec-gmbh.com\/wp-content\/uploads\/GETEC-Advanced-Technology-Newsletter_English_202306.pdf.pdf\" target=\"_blank\" rel=\"noopener noreferrer\">Englisch lesen<\/a><\/p>\n<hr \/>\n<p><a href=\"https:\/\/www.getec-gmbh.com\/wp-content\/uploads\/GETEC-Advanced-Technology-Newsletter_Deutsch_202306.pdf\" target=\"_blank\" rel=\"noopener noreferrer\">Deutsch lesen<\/a>[\/vc_column_text][\/vc_column_inner][\/vc_row_inner][vc_column_text css=&#8220;.vc_custom_1666184514495{margin-bottom: 15px !important;padding-top: 25px !important;padding-right: 15px !important;}&#8220;]<strong>Oktober 2022<br \/>\n<\/strong>[\/vc_column_text][vc_row_inner content_placement=&#8220;bottom&#8220;][vc_column_inner width=&#8220;1\/2&#8243;][vc_single_image image=&#8220;2885&#8243; img_size=&#8220;full&#8220; alignment=&#8220;center&#8220;][\/vc_column_inner][vc_column_inner width=&#8220;1\/2&#8243;][vc_column_text]<\/p>\n<hr \/>\n<p><a href=\"https:\/\/getec-gmbh.com\/wp-content\/uploads\/GETEC-Advanced-Technology-Newsletter_English_202210.pdf.pdf\" target=\"_blank\" rel=\"noopener noreferrer\">Englisch lesen<\/a><\/p>\n<hr \/>\n<p><a href=\"https:\/\/getec-gmbh.com\/wp-content\/uploads\/GETEC-Advanced-Technology-Newsletter_Deutsch_202210.pdf\" target=\"_blank\" rel=\"noopener noreferrer\">Deutsch lesen<\/a>[\/vc_column_text][\/vc_column_inner][\/vc_row_inner][vc_column_text css=&#8220;.vc_custom_1656925001425{margin-bottom: 15px !important;padding-top: 25px !important;padding-right: 15px !important;}&#8220;]<strong>Juni 2022<br \/>\n<\/strong>[\/vc_column_text][vc_row_inner content_placement=&#8220;bottom&#8220;][vc_column_inner width=&#8220;1\/2&#8243;][vc_single_image image=&#8220;2847&#8243; img_size=&#8220;full&#8220; alignment=&#8220;center&#8220;][\/vc_column_inner][vc_column_inner width=&#8220;1\/2&#8243;][vc_column_text]<\/p>\n<hr \/>\n<p><a href=\"https:\/\/getec-gmbh.com\/wp-content\/uploads\/GETEC-Advanced-Technology-Newsletter_English_202206.pdf\" target=\"_blank\" rel=\"noopener noreferrer\">Englisch lesen<\/a><\/p>\n<hr \/>\n<p><a href=\"https:\/\/getec-gmbh.com\/wp-content\/uploads\/GETEC-Advanced-Technology-Newsletter_Deutsch_202206.pdf\" target=\"_blank\" rel=\"noopener noreferrer\">Deutsch lesen<\/a>[\/vc_column_text][\/vc_column_inner][\/vc_row_inner][vc_row_inner content_placement=&#8220;bottom&#8220;][vc_column_inner width=&#8220;1\/2&#8243;][vc_column_text css=&#8220;.vc_custom_1641393217801{margin-bottom: 15px !important;padding-top: 25px !important;padding-right: 15px !important;}&#8220;]<strong>Januar 2022<br \/>\n<\/strong>[\/vc_column_text][vc_single_image image=&#8220;2610&#8243; img_size=&#8220;full&#8220; alignment=&#8220;center&#8220;][\/vc_column_inner][vc_column_inner width=&#8220;1\/2&#8243;][vc_column_text]<\/p>\n<hr \/>\n<p><a href=\"https:\/\/getec-gmbh.com\/wp-content\/uploads\/RZ-Newsletter-01-2022-GETEC-EN-2021.pdf\" target=\"_blank\" rel=\"noopener noreferrer\">Englisch lesen<\/a><\/p>\n<hr \/>\n<p><a href=\"https:\/\/getec-gmbh.com\/wp-content\/uploads\/RZ-Newsletter-01-2022-GETEC-DE-2021.pdf\" target=\"_blank\" rel=\"noopener noreferrer\">Deutsch lesen<\/a>[\/vc_column_text][\/vc_column_inner][\/vc_row_inner][vc_column_text css=&#8220;.vc_custom_1617899038709{margin-bottom: 15px !important;padding-top: 25px !important;padding-right: 15px !important;}&#8220;]<strong>April 2021<br \/>\n<\/strong>[\/vc_column_text][vc_row_inner content_placement=&#8220;bottom&#8220;][vc_column_inner width=&#8220;1\/2&#8243;][vc_single_image image=&#8220;2445&#8243; img_size=&#8220;full&#8220; alignment=&#8220;center&#8220;][\/vc_column_inner][vc_column_inner width=&#8220;1\/2&#8243;][vc_column_text]<\/p>\n<hr \/>\n<p><a href=\"https:\/\/getec-gmbh.com\/wp-content\/uploads\/GETEC-Advanced-Technology-Newsletter-English_202104.pdf\" target=\"_blank\" rel=\"noopener noreferrer\">Englisch lesen<\/a><\/p>\n<hr \/>\n<p><a href=\"https:\/\/getec-gmbh.com\/wp-content\/uploads\/GETEC-Advanced-Technology-Newsletter-German_202104.pdf\" target=\"_blank\" rel=\"noopener noreferrer\">Deutsch lesen<\/a>[\/vc_column_text][\/vc_column_inner][\/vc_row_inner][vc_column_text css=&#8220;.vc_custom_1601386244870{margin-bottom: 15px !important;padding-top: 25px !important;padding-right: 15px !important;}&#8220;]<strong>September 2020<br \/>\n<\/strong>[\/vc_column_text][vc_row_inner content_placement=&#8220;bottom&#8220;][vc_column_inner width=&#8220;1\/2&#8243;][vc_single_image image=&#8220;1970&#8243; img_size=&#8220;full&#8220; alignment=&#8220;center&#8220;][\/vc_column_inner][vc_column_inner width=&#8220;1\/2&#8243;][vc_column_text]<\/p>\n<hr \/>\n<p><a href=\"\/wp-content\/uploads\/Newsletter-09-2020GETEC-E-WEB.pdf\" target=\"_blank\" rel=\"noopener noreferrer\">Englisch lesen<\/a><\/p>\n<hr \/>\n<p><a href=\"\/wp-content\/uploads\/Newsletter-09-2020GETEC-D-WEB.pdf\" target=\"_blank\" rel=\"noopener noreferrer\">Deutsch lesen<\/a>[\/vc_column_text][\/vc_column_inner][\/vc_row_inner][vc_column_text css=&#8220;.vc_custom_1595937871336{margin-bottom: 15px !important;padding-top: 25px !important;padding-right: 15px !important;}&#8220;]<strong>April 2020<br \/>\n<\/strong>[\/vc_column_text][vc_row_inner content_placement=&#8220;bottom&#8220;][vc_column_inner width=&#8220;1\/2&#8243;][vc_single_image image=&#8220;207&#8243; img_size=&#8220;full&#8220; alignment=&#8220;center&#8220;][\/vc_column_inner][vc_column_inner width=&#8220;1\/2&#8243;][vc_column_text]<\/p>\n<hr \/>\n<p><a href=\"\/pdf\/GETEC-Advanced-Technology-Newsletter-English_202004.pdf\" target=\"_blank\" rel=\"noopener noreferrer\">Englisch lesen<\/a><\/p>\n<hr \/>\n<p><a href=\"\/pdf\/GETEC-Advanced-Technology-Newsletter-German_202004.pdf\" target=\"_blank\" rel=\"noopener noreferrer\">Deutsch lesen<\/a>[\/vc_column_text][\/vc_column_inner][\/vc_row_inner][vc_column_text css=&#8220;.vc_custom_1595938011941{margin-bottom: 15px !important;padding-top: 25px !important;padding-right: 15px !important;}&#8220;]<strong>September 2019<br \/>\n<\/strong>[\/vc_column_text][vc_row_inner content_placement=&#8220;bottom&#8220;][vc_column_inner width=&#8220;1\/2&#8243;][vc_single_image image=&#8220;208&#8243; img_size=&#8220;full&#8220; alignment=&#8220;center&#8220;][\/vc_column_inner][vc_column_inner width=&#8220;1\/2&#8243;][vc_column_text]<\/p>\n<hr \/>\n<p><a href=\"\/pdf\/GETEC-Newsletter-201909.pdf\" target=\"_blank\" rel=\"noopener noreferrer\">Englisch lesen<\/a>[\/vc_column_text][\/vc_column_inner][\/vc_row_inner][\/vc_column][vc_column width=&#8220;1\/2&#8243; la_animation_duration=&#8220;1&#8243; la_animation_delay=&#8220;0&#8243; la_animation_iteration_count=&#8220;1&#8243; el_class=&#8220;rounded&#8220;][vc_column_text css=&#8220;.vc_custom_1598021782710{margin-bottom: 5px !important;padding-top: 15px !important;padding-right: 15px !important;padding-bottom: 20px !important;padding-left: 35px !important;background-color: #ededed !important;}&#8220; el_class=&#8220;rounded&#8220;]<\/p>\n<h2 style=\"text-transform: uppercase;\">SIE M\u00d6CHTEN UNSERE NACHRICHTEN NICHT VERPASSEN?<\/h2>\n<p>[\/vc_column_text][vc_column_text css=&#8220;.vc_custom_1670364424108{margin-bottom: 0px !important;padding-top: 25px !important;padding-right: 15px !important;padding-bottom: 10px !important;padding-left: 35px !important;background-color: #ededed !important;}&#8220;]<strong>Dann abonnieren Sie doch unseren Newsletter.<br \/>\n<\/strong><\/p>\n<p><strong><div class=\"wpforms-container wpforms-container-full\" id=\"wpforms-3124\"><form id=\"wpforms-form-3124\" class=\"wpforms-validate wpforms-form\" data-formid=\"3124\" method=\"post\" enctype=\"multipart\/form-data\" action=\"\/de\/wp-json\/wp\/v2\/pages\/3080\" data-token=\"aa459e913acf1bd673ca032607d1bb86\" data-token-time=\"1776591606\"><noscript class=\"wpforms-error-noscript\">Bitte aktiviere JavaScript in deinem Browser, um dieses Formular fertigzustellen.<\/noscript><div class=\"wpforms-field-container\"><div id=\"wpforms-3124-field_7-container\" class=\"wpforms-field wpforms-field-select wpforms-field-select-style-classic\" data-field-id=\"7\"><label class=\"wpforms-field-label\" for=\"wpforms-3124-field_7\">Anrede <span class=\"wpforms-required-label\">*<\/span><\/label><select id=\"wpforms-3124-field_7\" class=\"wpforms-field-medium wpforms-field-required\" name=\"wpforms[fields][7]\" required=\"required\"><option value=\"Herr\" >Herr<\/option><option value=\"Frau\" >Frau<\/option><option value=\"Div.\" >Div.<\/option><option value=\"Dr.\" >Dr.<\/option><option value=\"Mx.\" >Mx.<\/option><\/select><\/div><div id=\"wpforms-3124-field_1-container\" class=\"wpforms-field wpforms-field-name\" data-field-id=\"1\"><label class=\"wpforms-field-label\" for=\"wpforms-3124-field_1\">Name <span class=\"wpforms-required-label\">*<\/span><\/label><input type=\"text\" id=\"wpforms-3124-field_1\" class=\"wpforms-field-medium wpforms-field-required\" name=\"wpforms[fields][1]\" required><\/div><div id=\"wpforms-3124-field_2-container\" class=\"wpforms-field wpforms-field-text\" data-field-id=\"2\"><label class=\"wpforms-field-label\" for=\"wpforms-3124-field_2\">Stellenbezeichnung <span class=\"wpforms-required-label\">*<\/span><\/label><input type=\"text\" id=\"wpforms-3124-field_2\" class=\"wpforms-field-medium wpforms-field-required\" name=\"wpforms[fields][2]\" required><\/div><div id=\"wpforms-3124-field_3-container\" class=\"wpforms-field wpforms-field-text\" data-field-id=\"3\"><label class=\"wpforms-field-label\" for=\"wpforms-3124-field_3\">Firma <span class=\"wpforms-required-label\">*<\/span><\/label><input type=\"text\" id=\"wpforms-3124-field_3\" class=\"wpforms-field-medium wpforms-field-required\" name=\"wpforms[fields][3]\" required><\/div><div id=\"wpforms-3124-field_4-container\" class=\"wpforms-field wpforms-field-email\" data-field-id=\"4\"><label class=\"wpforms-field-label\" for=\"wpforms-3124-field_4\">E-Mail <span class=\"wpforms-required-label\">*<\/span><\/label><input type=\"email\" id=\"wpforms-3124-field_4\" class=\"wpforms-field-medium wpforms-field-required\" name=\"wpforms[fields][4]\" spellcheck=\"false\" required><\/div><div id=\"wpforms-3124-field_5-container\" class=\"wpforms-field wpforms-field-checkbox\" data-field-id=\"5\"><label class=\"wpforms-field-label\">Datenschutz <span class=\"wpforms-required-label\">*<\/span><\/label><ul id=\"wpforms-3124-field_5\" class=\"wpforms-field-required\"><li class=\"choice-1 depth-1\"><input type=\"checkbox\" id=\"wpforms-3124-field_5_1\" name=\"wpforms[fields][5][]\" value=\"Ja, ich m\u00f6chte den Newsletter der GETEC Getriebe Technik GmbH erhalten. Informationen dar\u00fcber, wie GETEC Ihre pers\u00f6nlichen Daten nutzt und sch\u00fctzt, finden Sie in unserer &lt;a href=&quot;\/datenschutzerklaerung\/&quot;&gt;Datenschutzerkl\u00e4rung&lt;\/a&gt;. Sie k\u00f6nnen den Newsletter jederzeit wieder abbestellen.\" required ><label class=\"wpforms-field-label-inline\" for=\"wpforms-3124-field_5_1\">Ja, ich m\u00f6chte den Newsletter der GETEC Getriebe Technik GmbH erhalten. Informationen dar\u00fcber, wie GETEC Ihre pers\u00f6nlichen Daten nutzt und sch\u00fctzt, finden Sie in unserer <a href=\"\/datenschutzerklaerung\/\">Datenschutzerkl\u00e4rung<\/a>. Sie k\u00f6nnen den Newsletter jederzeit wieder abbestellen.<\/label><\/li><\/ul><\/div><\/div><!-- .wpforms-field-container --><div class=\"wpforms-field wpforms-field-hp\"><label for=\"wpforms-3124-field-hp\" class=\"wpforms-field-label\">Website<\/label><input type=\"text\" name=\"wpforms[hp]\" id=\"wpforms-3124-field-hp\" class=\"wpforms-field-medium\"><\/div><div class=\"wpforms-submit-container\" ><input type=\"hidden\" name=\"wpforms[id]\" value=\"3124\"><input type=\"hidden\" name=\"page_title\" value=\"\"><input type=\"hidden\" name=\"page_url\" value=\"https:\/\/www.getec-gmbh.com\/de\/wp-json\/wp\/v2\/pages\/3080\"><input type=\"hidden\" name=\"url_referer\" value=\"\"><button type=\"submit\" name=\"wpforms[submit]\" id=\"wpforms-submit-3124\" class=\"wpforms-submit\" data-alt-text=\"sendet\" data-submit-text=\"Jetzt abonnieren\" aria-live=\"assertive\" value=\"wpforms-submit\">Jetzt abonnieren<\/button><\/div><\/form><\/div>  <!-- .wpforms-container --><\/strong>[\/vc_column_text][\/vc_column][\/vc_row][vc_section full_width=&#8220;stretch_row&#8220; css=&#8220;.vc_custom_1601982695628{padding-top: 0px !important;background-image: url(https:\/\/getec-gmbh.com\/wp-content\/uploads\/metal-bg.jpg?id=107) !important;background-position: center !important;background-repeat: no-repeat !important;background-size: cover !important;}&#8220;][vc_row][vc_column width=&#8220;1\/2&#8243; la_animation_duration=&#8220;1&#8243; la_animation_delay=&#8220;0&#8243; la_animation_iteration_count=&#8220;1&#8243; css=&#8220;.vc_custom_1595880759352{border-top-width: 3px !important;background-color: #ffffff !important;border-top-color: #124180 !important;border-top-style: solid !important;}&#8220;][vc_column_text css=&#8220;.vc_custom_1595880796187{margin-bottom: 15px !important;}&#8220;]<\/p>\n<h2>Media Anfragen<\/h2>\n<p>[\/vc_column_text][vc_column_text el_class=&#8220;branded2&#8243;]<span style=\"color: #124180;\"><strong>GETEC Media Office<\/strong><\/span><br \/>\nmarketing@getec-gmbh.com[\/vc_column_text][\/vc_column][\/vc_row][vc_row][vc_column la_animation_duration=&#8220;1&#8243; la_animation_delay=&#8220;0&#8243; la_animation_iteration_count=&#8220;1&#8243; offset=&#8220;vc_hidden-md vc_hidden-sm vc_hidden-xs&#8220;][vc_empty_space height=&#8220;50px&#8220;][\/vc_column][\/vc_row][\/vc_section]<\/p>\n<\/div>","protected":false},"excerpt":{"rendered":"<p>[vc_row][vc_column][\/vc_column][\/vc_row][vc_row full_width=&#8220;stretch_row&#8220; content_placement=&#8220;top&#8220; css=&#8220;.vc_custom_1597236040535{background-color: #e5e5e5 !important;}&#8220;][vc_column la_animation_duration=&#8220;1&#8243; la_animation_delay=&#8220;0&#8243; la_animation_iteration_count=&#8220;1&#8243; css=&#8220;.vc_custom_1597236028897{padding-top: 15px !important;}&#8220;][vc_wp_custommenu nav_menu=&#8220;37&#8243; el_class=&#8220;sub_nav&#8220;][\/vc_column][\/vc_row][vc_row content_placement=&#8220;middle&#8220; css=&#8220;.vc_custom_1594240712862{padding-top: 20px !important;}&#8220;][vc_column][vc_column_text] DIE NEUESTEN MARKT- UND TECHNOLOGIEINFORMATIONEN AUS DER AUTOMOBILINDUSTRIE MIT SCHWERPUNKT ANTRIEBSSTRANG ERHALTEN [\/vc_column_text][\/vc_column][\/vc_row][vc_row][vc_column width=&#8220;1\/2&#8243;][vc_column_text css=&#8220;.vc_custom_1713521030775{margin-bottom: 15px !important;padding-top: 25px !important;padding-right: 15px !important;}&#8220;]April 2024 [\/vc_column_text][vc_row_inner content_placement=&#8220;bottom&#8220;][vc_column_inner width=&#8220;1\/2&#8243;][vc_single_image image=&#8220;3991&#8243; img_size=&#8220;full&#8220; alignment=&#8220;center&#8220;][\/vc_column_inner][vc_column_inner width=&#8220;1\/2&#8243;][vc_column_text] Englisch lesen Deutsch lesen[\/vc_column_text][\/vc_column_inner][\/vc_row_inner][vc_column_text css=&#8220;.vc_custom_1713521181600{margin-bottom: 15px !important;padding-top: 25px !important;padding-right: 15px !important;}&#8220;]Dezember 2023 [\/vc_column_text][vc_row_inner&hellip;<\/p>\n","protected":false},"author":1,"featured_media":0,"parent":0,"menu_order":0,"comment_status":"closed","ping_status":"closed","template":"","meta":{"footnotes":""},"class_list":["post-3080","page","type-page","status-publish","hentry"],"_links":{"self":[{"href":"https:\/\/www.getec-gmbh.com\/de\/wp-json\/wp\/v2\/pages\/3080","targetHints":{"allow":["GET"]}}],"collection":[{"href":"https:\/\/www.getec-gmbh.com\/de\/wp-json\/wp\/v2\/pages"}],"about":[{"href":"https:\/\/www.getec-gmbh.com\/de\/wp-json\/wp\/v2\/types\/page"}],"author":[{"embeddable":true,"href":"https:\/\/www.getec-gmbh.com\/de\/wp-json\/wp\/v2\/users\/1"}],"replies":[{"embeddable":true,"href":"https:\/\/www.getec-gmbh.com\/de\/wp-json\/wp\/v2\/comments?post=3080"}],"version-history":[{"count":10,"href":"https:\/\/www.getec-gmbh.com\/de\/wp-json\/wp\/v2\/pages\/3080\/revisions"}],"predecessor-version":[{"id":3997,"href":"https:\/\/www.getec-gmbh.com\/de\/wp-json\/wp\/v2\/pages\/3080\/revisions\/3997"}],"wp:attachment":[{"href":"https:\/\/www.getec-gmbh.com\/de\/wp-json\/wp\/v2\/media?parent=3080"}],"curies":[{"name":"wp","href":"https:\/\/api.w.org\/{rel}","templated":true}]}}