{"id":3025,"date":"2020-07-02T15:00:26","date_gmt":"2020-07-02T13:00:26","guid":{"rendered":"https:\/\/getec-gmbh.com\/about-us\/"},"modified":"2024-04-19T13:49:06","modified_gmt":"2024-04-19T11:49:06","slug":"ueber-uns","status":"publish","type":"page","link":"https:\/\/www.getec-gmbh.com\/de\/ueber-uns\/","title":{"rendered":"\u00dcber uns"},"content":{"rendered":"<div class=\"wpb-content-wrapper\"><p>[vc_row][vc_column]\n\t\t\t<!-- START About us REVOLUTION SLIDER 6.7.34 --><p class=\"rs-p-wp-fix\"><\/p>\n\t\t\t<rs-module-wrap id=\"rev_slider_11_1_wrapper\" data-source=\"gallery\" style=\"visibility:hidden;background:transparent;padding:0;margin:0px auto;margin-top:0;margin-bottom:0;\">\n\t\t\t\t<rs-module id=\"rev_slider_11_1\" style=\"\" data-version=\"6.7.34\">\n\t\t\t\t\t<rs-slides style=\"overflow: hidden; position: absolute;\">\n\t\t\t\t\t\t<rs-slide style=\"position: absolute;\" data-key=\"rs-65\" data-title=\"Slide\" data-in=\"o:0;\" data-out=\"a:false;\">\n\t\t\t\t\t\t\t<img decoding=\"async\" src=\"\/\/www.getec-gmbh.com\/wp-content\/plugins\/revslider\/sr6\/assets\/assets\/dummy.png\" alt=\"\" title=\"about-head\" width=\"1240\" height=\"400\" class=\"rev-slidebg tp-rs-img rs-lazyload\" data-lazyload=\"\/\/getec-gmbh.com\/wp-content\/uploads\/about-head.jpg\" data-no-retina>\n<!--\n\t\t\t\t\t\t\t--><rs-layer\n\t\t\t\t\t\t\t\tid=\"slider-11-slide-65-layer-0\" \n\t\t\t\t\t\t\t\tdata-type=\"shape\"\n\t\t\t\t\t\t\t\tdata-rsp_ch=\"on\"\n\t\t\t\t\t\t\t\tdata-xy=\"x:l,l,l,r;xo:64px,64px,64px,0;y:t,t,t,b;yo:130px,130px,130px,0;\"\n\t\t\t\t\t\t\t\tdata-text=\"w:normal;\"\n\t\t\t\t\t\t\t\tdata-dim=\"w:501px,501px,501px,358px;h:184px,184px,184px,143px;\"\n\t\t\t\t\t\t\t\tdata-blendmode=\"multiply\"\n\t\t\t\t\t\t\t\tdata-border=\"bor:65px,0,0,0;\"\n\t\t\t\t\t\t\t\tdata-frame_999=\"o:0;st:w;\"\n\t\t\t\t\t\t\t\tstyle=\"z-index:5;background-color:#124180;\"\n\t\t\t\t\t\t\t> \n\t\t\t\t\t\t\t<\/rs-layer><!--\n\n\t\t\t\t\t\t\t--><rs-layer\n\t\t\t\t\t\t\t\tid=\"slider-11-slide-65-layer-1\" \n\t\t\t\t\t\t\t\tdata-type=\"text\"\n\t\t\t\t\t\t\t\tdata-rsp_ch=\"on\"\n\t\t\t\t\t\t\t\tdata-xy=\"xo:121px,121px,121px,165px;yo:176px,176px,176px,240px;\"\n\t\t\t\t\t\t\t\tdata-text=\"w:normal;s:40,40,40,29;l:42,42,42,29;\"\n\t\t\t\t\t\t\t\tdata-dim=\"w:auto,auto,auto,300px;\"\n\t\t\t\t\t\t\t\tdata-frame_999=\"o:0;st:w;\"\n\t\t\t\t\t\t\t\tstyle=\"z-index:6;font-family:'Catamaran';text-transform:uppercase;\"\n\t\t\t\t\t\t\t>\u00dcber uns \n\t\t\t\t\t\t\t<\/rs-layer><!--\n\n\t\t\t\t\t\t\t--><rs-layer\n\t\t\t\t\t\t\t\tid=\"slider-11-slide-65-layer-2\" \n\t\t\t\t\t\t\t\tdata-type=\"shape\"\n\t\t\t\t\t\t\t\tdata-rsp_ch=\"on\"\n\t\t\t\t\t\t\t\tdata-xy=\"xo:121px,121px,121px,165px;yo:235px,235px,235px,307px;\"\n\t\t\t\t\t\t\t\tdata-text=\"w:normal;\"\n\t\t\t\t\t\t\t\tdata-dim=\"w:200px,200px,200px,77px;h:3px,3px,3px,1px;\"\n\t\t\t\t\t\t\t\tdata-frame_999=\"o:0;st:w;\"\n\t\t\t\t\t\t\t\tstyle=\"z-index:7;background-color:#ffffff;\"\n\t\t\t\t\t\t\t> \n\t\t\t\t\t\t\t<\/rs-layer><!--\n\n\t\t\t\t\t\t\t--><rs-layer\n\t\t\t\t\t\t\t\tid=\"slider-11-slide-65-layer-3\" \n\t\t\t\t\t\t\t\tdata-type=\"text\"\n\t\t\t\t\t\t\t\tdata-rsp_ch=\"on\"\n\t\t\t\t\t\t\t\tdata-xy=\"xo:121px,121px,121px,165px;yo:257px,257px,257px,315px;\"\n\t\t\t\t\t\t\t\tdata-text=\"w:normal;s:16;\"\n\t\t\t\t\t\t\t\tdata-frame_999=\"o:0;st:w;\"\n\t\t\t\t\t\t\t\tstyle=\"z-index:8;font-family:'Catamaran';\"\n\t\t\t\t\t\t\t>Eigenst\u00e4ndige Dienstleistungen - herausragende Kenntnisse \n\t\t\t\t\t\t\t<\/rs-layer><!--\n\n\t\t\t\t\t\t\t--><rs-layer\n\t\t\t\t\t\t\t\tid=\"slider-11-slide-65-layer-6\" \n\t\t\t\t\t\t\t\tdata-type=\"image\"\n\t\t\t\t\t\t\t\tdata-rsp_ch=\"on\"\n\t\t\t\t\t\t\t\tdata-xy=\"x:r;y:b;\"\n\t\t\t\t\t\t\t\tdata-text=\"w:normal;\"\n\t\t\t\t\t\t\t\tdata-dim=\"w:272px,272px,272px,104px;h:292px,292px,292px,112px;\"\n\t\t\t\t\t\t\t\tdata-frame_999=\"o:0;st:w;\"\n\t\t\t\t\t\t\t\tstyle=\"z-index:10;\"\n\t\t\t\t\t\t\t><img decoding=\"async\" src=\"\/\/www.getec-gmbh.com\/wp-content\/plugins\/revslider\/sr6\/assets\/assets\/dummy.png\" alt=\"\" class=\"tp-rs-img rs-lazyload\" data-lazyload=\"\/\/getec-gmbh.com\/wp-content\/uploads\/logo-icon-white.svg\" data-no-retina> \n\t\t\t\t\t\t\t<\/rs-layer><!--\n-->\t\t\t\t\t<\/rs-slide>\n\t\t\t\t\t<\/rs-slides>\n\t\t\t\t<\/rs-module>\n\t\t\t\t<script>\n\t\t\t\t\tsetREVStartSize({c: 'rev_slider_11_1',rl:[1240,1240,1240,480],el:[400,400,400,350],gw:[1240,1240,1240,480],gh:[400,400,400,350],type:'standard',justify:'',layout:'fullwidth',mh:\"0\"});if (window.RS_MODULES!==undefined && window.RS_MODULES.modules!==undefined && window.RS_MODULES.modules[\"revslider111\"]!==undefined) {window.RS_MODULES.modules[\"revslider111\"].once = false;window.revapi11 = undefined;if (window.RS_MODULES.checkMinimal!==undefined) window.RS_MODULES.checkMinimal()}\n\t\t\t\t<\/script>\n\t\t\t<\/rs-module-wrap>\n\t\t\t<!-- END REVOLUTION SLIDER -->\n[\/vc_column][\/vc_row][vc_row css=&#8220;.vc_custom_1595796079293{padding-top: 20px !important;}&#8220;][vc_column width=&#8220;1\/2&#8243;][vc_column_text]<\/p>\n<h2>GETEC IST EIN UNABH\u00c4NGIGER INGENIEURDIENSTLEISTER<\/h2>\n<p>Wir bieten unseren Kunden hochwertige Fahrzeug- und Antriebsstrang-Produktentwicklung, Fahrzeug-Engineering-Service, Mobilit\u00e4tsintelligenz, Antriebsstrang- und Fahrzeugtests. Unsere Kunden erhalten von uns professionelle und ma\u00dfgeschneiderte Entwicklungs- und Pr\u00fcfdienstleistungen<\/p>\n<p>Der Hauptsitz von GETEC befindet sich im Industriepark Emil Mayrisch in Aldenhoven bei Aachen. Hier wird eng mit den besten Universit\u00e4ten der Welt zusammengearbeitet, um fortschrittliches Wissen und K\u00f6nnen nach Europa zu bringen.\u201c[\/vc_column_text][\/vc_column][vc_column width=&#8220;1\/2&#8243;][vc_single_image image=&#8220;159&#8243; img_size=&#8220;450&#215;266&#8243; alignment=&#8220;center&#8220; onclick=&#8220;link_image&#8220;][\/vc_column][\/vc_row][vc_section full_width=&#8220;stretch_row&#8220; css=&#8220;.vc_custom_1595796437804{padding-top: 35px !important;padding-bottom: 35px !important;background-color: #ededed !important;}&#8220;][vc_row][vc_column width=&#8220;1\/2&#8243;][vc_single_image image=&#8220;3999&#8243; img_size=&#8220;full&#8220; alignment=&#8220;center&#8220;][vc_column_text css=&#8220;.vc_custom_1713527343757{padding-right: 15px !important;padding-left: 15px !important;}&#8220; el_class=&#8220;min185&#8243;]GETEC serviert den globalen Markt mit erstklassigen Ingenieur- und Testdienstleistungen. Derzeit haben wir \u00fcber 150 Kollegen weltweit. Mit unserem Fachwissen bieten wir Kunden die besten technischen L\u00f6sungen in der Automobilantriebsstrang- und sogar Fahrzeugbranche.[\/vc_column_text][\/vc_column][vc_column width=&#8220;1\/2&#8243;][vc_single_image image=&#8220;160&#8243; img_size=&#8220;full&#8220; alignment=&#8220;center&#8220;][vc_column_text css=&#8220;.vc_custom_1675370695735{padding-right: 15px !important;padding-left: 15px !important;}&#8220;]GETEC verf\u00fcgt \u00fcber ein erfahrenes Team, das Kunden auf der ganzen Welt eine Vielzahl von Dienstleistungen zur Anpassung von Fahrzeugen anbieten kann. GETEC hat Pionierarbeit auf dem Gebiet der Entwicklung neuer Energieprodukte geleistet und verf\u00fcgt \u00fcber Erfahrung in der Entwicklung von Hochgeschwindigkeits-Elektroantriebssystemen, mit Hochgeschwindigkeitstests und -pr\u00fcfungen, Batteriesimulatoren und Ultra-Niedrigtemperatur-Klimakammern. Wir k\u00f6nnen unseren Kunden Dienstleistungen f\u00fcr die Entwicklung und Pr\u00fcfung von Fahrzeugen mit neuen Energien anbieten.[\/vc_column_text][\/vc_column][\/vc_row][\/vc_section][vc_row css=&#8220;.vc_custom_1595796079293{padding-top: 20px !important;}&#8220;][vc_column][vc_column_text]<\/p>\n<h2>ZERTIFIKATE<\/h2>\n<p>[\/vc_column_text][\/vc_column][vc_column width=&#8220;1\/2&#8243;][vc_single_image image=&#8220;3972&#8243; img_size=&#8220;medium&#8220;][vc_column_text]<em>Die ENX Association unterst\u00fctzt mit TISAX (Trusted Information Security Assessment Exchange) im Auftrag des VDA die gemeinsame Akzeptanz von Information Security Assessments in der Automobilindustrie. Die TISAX-Assessments werden von Audit-Anbietern durchgef\u00fchrt, die ihre Qualifikation in regelm\u00e4\u00dfigen Abst\u00e4nden nachweisen. TISAX und die TISAX-Ergebnisse sind nicht f\u00fcr die Allgemeinheit bestimmt.<\/em><\/p>\n<p><em>F\u00fcr die GETEC Getriebe Technik GmbH haben Vertraulichkeit, Verf\u00fcgbarkeit und Integrit\u00e4t von Informationen einen hohen Stellenwert. Wir haben umfangreiche Ma\u00dfnahmen zum Schutz von [sensiblen und\/oder vertraulichen] Informationen getroffen. Dabei orientieren wir uns an dem Fragenkatalog zur Informationssicherheit des Verbandes der Automobilindustrie (VDA ISA). Das Assessment wurde von einem Audit-Provider, in diesem Fall dem TISAX-Audit-Provider SGS\u2013International Certification Services GmbH durchgef\u00fchrt, das Ergebnis ist ausschlie\u00dflich \u00fcber das ENX-Portal abrufbar:\u00a0<a href=\"https:\/\/portal.enx.com\/TISAX\/tisaxassessmentresults\">https:\/\/portal.enx.com\/en-US\/TISAX\/tisaxassessmentresults<\/a>.<\/em>[\/vc_column_text][\/vc_column][vc_column width=&#8220;1\/2&#8243;][vc_row_inner content_placement=&#8220;middle&#8220;][vc_column_inner width=&#8220;1\/3&#8243;][vc_single_image image=&#8220;162&#8243; img_size=&#8220;full&#8220; alignment=&#8220;center&#8220;][\/vc_column_inner][vc_column_inner width=&#8220;1\/3&#8243;][vc_single_image image=&#8220;3941&#8243; img_size=&#8220;full&#8220; alignment=&#8220;center&#8220;][\/vc_column_inner][vc_column_inner width=&#8220;1\/3&#8243;][vc_single_image image=&#8220;3951&#8243; img_size=&#8220;full&#8220;][\/vc_column_inner][\/vc_row_inner][vc_column_text]GETEC Getriebe Technik GmbH ist zertifiziert nach TISAX, BSFZ und DIN ISO 9001:2015<br \/>\nGETEC Vehicle Technology (Suzhou) Co., Ltd. ist\u00a0 nach ISO 9001 und 14001 zertifiziert[\/vc_column_text][\/vc_column][\/vc_row][vc_row css=&#8220;.vc_custom_1595796079293{padding-top: 20px !important;}&#8220;][vc_column width=&#8220;1\/2&#8243;][vc_column_text]<\/p>\n<h2>KUNDEN UND PARTNER, MIT DENEN WIR ZUSAMMENARBEITEN<\/h2>\n<p>Die GETEC Getriebe Technik GmbH ist stolz auf die Zusammenarbeit mit diesen Kunden und Partnern und wir bedanken uns f\u00fcr das in uns gesetzte Vertrauen und die damit verbundene F\u00f6rderung des Innovationsgeistes in der Automobilindustrie.[\/vc_column_text][\/vc_column][vc_column width=&#8220;1\/2&#8243;][vc_row_inner content_placement=&#8220;middle&#8220;][vc_column_inner width=&#8220;1\/4&#8243;][vc_single_image image=&#8220;2343&#8243; img_size=&#8220;full&#8220;][vc_single_image image=&#8220;2341&#8243; img_size=&#8220;full&#8220;][vc_single_image image=&#8220;2339&#8243; img_size=&#8220;full&#8220; alignment=&#8220;center&#8220;][vc_single_image image=&#8220;2405&#8243; img_size=&#8220;full&#8220;][vc_single_image image=&#8220;2737&#8243; img_size=&#8220;full&#8220;][\/vc_column_inner][vc_column_inner width=&#8220;1\/4&#8243;][vc_single_image image=&#8220;2345&#8243; img_size=&#8220;full&#8220;][vc_single_image image=&#8220;2347&#8243; img_size=&#8220;full&#8220; onclick=&#8220;custom_link&#8220; link=&#8220;http:\/\/www.mertensmotorsport.com&#8220;][vc_single_image image=&#8220;2349&#8243; img_size=&#8220;full&#8220;][vc_single_image image=&#8220;2401&#8243; img_size=&#8220;full&#8220;][vc_single_image image=&#8220;2759&#8243; img_size=&#8220;full&#8220;][\/vc_column_inner][vc_column_inner width=&#8220;1\/4&#8243;][vc_single_image image=&#8220;2394&#8243; img_size=&#8220;full&#8220;][vc_single_image image=&#8220;2403&#8243; img_size=&#8220;full&#8220;][vc_single_image image=&#8220;2595&#8243;][vc_single_image image=&#8220;2747&#8243; img_size=&#8220;full&#8220;][\/vc_column_inner][vc_column_inner width=&#8220;1\/4&#8243;][vc_single_image image=&#8220;2597&#8243; img_size=&#8220;full&#8220;][vc_single_image image=&#8220;2801&#8243; img_size=&#8220;full&#8220;][\/vc_column_inner][\/vc_row_inner][\/vc_column][\/vc_row][vc_row el_id=&#8220;werte&#8220;][vc_column]\n\t\t\t<!-- START About us footer REVOLUTION SLIDER 6.7.34 --><p class=\"rs-p-wp-fix\"><\/p>\n\t\t\t<rs-module-wrap id=\"rev_slider_12_2_wrapper\" data-source=\"gallery\" style=\"visibility:hidden;background:transparent;padding:0;margin:0px auto;margin-top:0;margin-bottom:0;\">\n\t\t\t\t<rs-module id=\"rev_slider_12_2\" style=\"\" data-version=\"6.7.34\">\n\t\t\t\t\t<rs-slides style=\"overflow: hidden; position: absolute;\">\n\t\t\t\t\t\t<rs-slide style=\"position: absolute;\" data-key=\"rs-63\" data-title=\"Slide\" data-thumb=\"\/\/getec-gmbh.com\/wp-content\/uploads\/GETEC-hq-contact.jpg\" data-anim=\"ms:1000;r:0;\" data-in=\"o:0;\" data-out=\"a:false;\">\n\t\t\t\t\t\t\t<img decoding=\"async\" src=\"\/\/www.getec-gmbh.com\/wp-content\/plugins\/revslider\/sr6\/assets\/assets\/dummy.png\" alt=\"\" title=\"GETEC-hq-contact\" width=\"600\" height=\"400\" class=\"rev-slidebg tp-rs-img rs-lazyload\" data-lazyload=\"\/\/getec-gmbh.com\/wp-content\/uploads\/GETEC-hq-contact.jpg\" data-panzoom=\"d:10000;ss:100;se:110%;\" data-no-retina>\n<!--\n\t\t\t\t\t\t\t--><rs-layer\n\t\t\t\t\t\t\t\tid=\"slider-12-slide-63-layer-1\" \n\t\t\t\t\t\t\t\tdata-type=\"text\"\n\t\t\t\t\t\t\t\tdata-rsp_ch=\"on\"\n\t\t\t\t\t\t\t\tdata-xy=\"xo:109px,109px,109px,22px;y:b;yo:107px,107px,107px,93px;\"\n\t\t\t\t\t\t\t\tdata-text=\"w:normal;s:40,40,40,29;l:42,42,42,29;\"\n\t\t\t\t\t\t\t\tdata-dim=\"w:auto,auto,auto,300px;\"\n\t\t\t\t\t\t\t\tdata-frame_999=\"o:0;st:w;\"\n\t\t\t\t\t\t\t\tstyle=\"z-index:9;font-family:'Catamaran';text-transform:uppercase;\"\n\t\t\t\t\t\t\t>Unsere Mission \n\t\t\t\t\t\t\t<\/rs-layer><!--\n\n\t\t\t\t\t\t\t--><h2\n\t\t\t\t\t\t\t\tid=\"slider-12-slide-63-layer-3\" \n\t\t\t\t\t\t\t\tclass=\"rs-layer\"\n\t\t\t\t\t\t\t\tdata-type=\"text\"\n\t\t\t\t\t\t\t\tdata-color=\"#cccccc\"\n\t\t\t\t\t\t\t\tdata-rsp_ch=\"on\"\n\t\t\t\t\t\t\t\tdata-xy=\"xo:112px,112px,112px,22px;yo:591px,591px,591px,267px;\"\n\t\t\t\t\t\t\t\tdata-text=\"w:normal;s:16,16,16,16;\"\n\t\t\t\t\t\t\t\tdata-frame_999=\"o:0;st:w;\"\n\t\t\t\t\t\t\t\tstyle=\"z-index:10;font-family:'Catamaran';\"\n\t\t\t\t\t\t\t>ist es, ein unabh\u00e4ngiger Anbieter von Ingenieurdienstleistungen zu sein \n\t\t\t\t\t\t\t<\/h2><!--\n\n\t\t\t\t\t\t\t--><rs-layer\n\t\t\t\t\t\t\t\tid=\"slider-12-slide-63-layer-11\" \n\t\t\t\t\t\t\t\tdata-type=\"shape\"\n\t\t\t\t\t\t\t\tdata-rsp_ch=\"on\"\n\t\t\t\t\t\t\t\tdata-xy=\"x:c;y:t,t,t,b;yo:536px,536px,536px,0;\"\n\t\t\t\t\t\t\t\tdata-text=\"w:normal;\"\n\t\t\t\t\t\t\t\tdata-dim=\"w:100%;h:120px,120px,120px,143px;\"\n\t\t\t\t\t\t\t\tdata-basealign=\"slide\"\n\t\t\t\t\t\t\t\tdata-blendmode=\"multiply\"\n\t\t\t\t\t\t\t\tdata-border=\"bor:0px,0,0,0;\"\n\t\t\t\t\t\t\t\tdata-frame_999=\"o:0;st:w;\"\n\t\t\t\t\t\t\t\tstyle=\"z-index:8;background-color:#124180;\"\n\t\t\t\t\t\t\t> \n\t\t\t\t\t\t\t<\/rs-layer><!--\n-->\t\t\t\t\t<\/rs-slide>\n\t\t\t\t\t\t<rs-slide style=\"position: absolute;\" data-key=\"rs-64\" data-title=\"Slide\" data-thumb=\"\/\/getec-gmbh.com\/wp-content\/uploads\/home-3-1.jpg\" data-anim=\"ms:1000;r:0;\" data-in=\"o:0;\" data-out=\"a:false;\">\n\t\t\t\t\t\t\t<img decoding=\"async\" src=\"\/\/www.getec-gmbh.com\/wp-content\/plugins\/revslider\/sr6\/assets\/assets\/dummy.png\" alt=\"\" title=\"home-3-1\" width=\"600\" height=\"540\" class=\"rev-slidebg tp-rs-img rs-lazyload\" data-lazyload=\"\/\/getec-gmbh.com\/wp-content\/uploads\/home-3-1.jpg\" data-panzoom=\"d:10000;ss:100%;se:110%;\" data-no-retina>\n<!--\n\t\t\t\t\t\t\t--><h2\n\t\t\t\t\t\t\t\tid=\"slider-12-slide-64-layer-3\" \n\t\t\t\t\t\t\t\tclass=\"rs-layer\"\n\t\t\t\t\t\t\t\tdata-type=\"text\"\n\t\t\t\t\t\t\t\tdata-color=\"#cccccc\"\n\t\t\t\t\t\t\t\tdata-rsp_ch=\"on\"\n\t\t\t\t\t\t\t\tdata-xy=\"xo:112px,112px,112px,22px;yo:591px,591px,591px,267px;\"\n\t\t\t\t\t\t\t\tdata-text=\"w:normal;s:16,16,16,16;\"\n\t\t\t\t\t\t\t\tdata-frame_999=\"o:0;st:w;\"\n\t\t\t\t\t\t\t\tstyle=\"z-index:10;font-family:'Catamaran';\"\n\t\t\t\t\t\t\t>Unsere vision ist es, uns auf unsere St\u00e4rken in der Antriebsstrangentwicklung zu konzentrieren. \n\t\t\t\t\t\t\t<\/h2><!--\n\n\t\t\t\t\t\t\t--><rs-layer\n\t\t\t\t\t\t\t\tid=\"slider-12-slide-64-layer-12\" \n\t\t\t\t\t\t\t\tdata-type=\"shape\"\n\t\t\t\t\t\t\t\tdata-rsp_ch=\"on\"\n\t\t\t\t\t\t\t\tdata-xy=\"x:c,c,c,r;y:t,t,t,b;yo:536px,536px,536px,0;\"\n\t\t\t\t\t\t\t\tdata-text=\"w:normal;\"\n\t\t\t\t\t\t\t\tdata-dim=\"w:100%;h:120px,120px,120px,143px;\"\n\t\t\t\t\t\t\t\tdata-basealign=\"slide\"\n\t\t\t\t\t\t\t\tdata-blendmode=\"multiply\"\n\t\t\t\t\t\t\t\tdata-border=\"bor:0px,0,0,0;\"\n\t\t\t\t\t\t\t\tdata-frame_999=\"o:0;st:w;\"\n\t\t\t\t\t\t\t\tstyle=\"z-index:8;background-color:#124180;\"\n\t\t\t\t\t\t\t> \n\t\t\t\t\t\t\t<\/rs-layer><!--\n\n\t\t\t\t\t\t\t--><rs-layer\n\t\t\t\t\t\t\t\tid=\"slider-12-slide-64-layer-14\" \n\t\t\t\t\t\t\t\tdata-type=\"text\"\n\t\t\t\t\t\t\t\tdata-rsp_ch=\"on\"\n\t\t\t\t\t\t\t\tdata-xy=\"xo:109px,109px,109px,22px;y:b;yo:107px,107px,107px,93px;\"\n\t\t\t\t\t\t\t\tdata-text=\"w:normal;s:40,40,40,29;l:42,42,42,29;\"\n\t\t\t\t\t\t\t\tdata-dim=\"w:auto,auto,auto,300px;\"\n\t\t\t\t\t\t\t\tdata-frame_999=\"o:0;st:w;\"\n\t\t\t\t\t\t\t\tstyle=\"z-index:9;font-family:'Catamaran';text-transform:uppercase;\"\n\t\t\t\t\t\t\t>Unsere Vision \n\t\t\t\t\t\t\t<\/rs-layer><!--\n-->\t\t\t\t\t<\/rs-slide>\n\t\t\t\t\t<\/rs-slides>\n\t\t\t\t\t<rs-static-layers class=\"rs-stl-back rs-stl-visible\"><!--\n\t\t\t\t\t--><\/rs-static-layers>\n\t\t\t\t<\/rs-module>\n\t\t\t\t<script>\n\t\t\t\t\tsetREVStartSize({c: 'rev_slider_12_2',rl:[1240,1240,1240,480],el:[700,700,700,350],gw:[1240,1240,1240,480],gh:[700,700,700,350],type:'standard',justify:'',layout:'fullwidth',mh:\"0\"});if (window.RS_MODULES!==undefined && window.RS_MODULES.modules!==undefined && window.RS_MODULES.modules[\"revslider122\"]!==undefined) {window.RS_MODULES.modules[\"revslider122\"].once = false;window.revapi12 = undefined;if (window.RS_MODULES.checkMinimal!==undefined) window.RS_MODULES.checkMinimal()}\n\t\t\t\t<\/script>\n\t\t\t<\/rs-module-wrap>\n\t\t\t<!-- END REVOLUTION SLIDER -->\n[\/vc_column][\/vc_row]<\/p>\n<\/div>","protected":false},"excerpt":{"rendered":"<p>[vc_row][vc_column][\/vc_column][\/vc_row][vc_row css=&#8220;.vc_custom_1595796079293{padding-top: 20px !important;}&#8220;][vc_column width=&#8220;1\/2&#8243;][vc_column_text] GETEC IST EIN UNABH\u00c4NGIGER INGENIEURDIENSTLEISTER Wir bieten unseren Kunden hochwertige Fahrzeug- und Antriebsstrang-Produktentwicklung, Fahrzeug-Engineering-Service, Mobilit\u00e4tsintelligenz, Antriebsstrang- und Fahrzeugtests. Unsere Kunden erhalten von uns professionelle und ma\u00dfgeschneiderte Entwicklungs- und Pr\u00fcfdienstleistungen Der Hauptsitz von GETEC befindet sich im Industriepark Emil Mayrisch in Aldenhoven bei Aachen. Hier wird eng mit den besten Universit\u00e4ten der Welt zusammengearbeitet, um fortschrittliches&hellip;<\/p>\n","protected":false},"author":1,"featured_media":0,"parent":0,"menu_order":0,"comment_status":"closed","ping_status":"closed","template":"","meta":{"footnotes":""},"class_list":["post-3025","page","type-page","status-publish","hentry"],"_links":{"self":[{"href":"https:\/\/www.getec-gmbh.com\/de\/wp-json\/wp\/v2\/pages\/3025","targetHints":{"allow":["GET"]}}],"collection":[{"href":"https:\/\/www.getec-gmbh.com\/de\/wp-json\/wp\/v2\/pages"}],"about":[{"href":"https:\/\/www.getec-gmbh.com\/de\/wp-json\/wp\/v2\/types\/page"}],"author":[{"embeddable":true,"href":"https:\/\/www.getec-gmbh.com\/de\/wp-json\/wp\/v2\/users\/1"}],"replies":[{"embeddable":true,"href":"https:\/\/www.getec-gmbh.com\/de\/wp-json\/wp\/v2\/comments?post=3025"}],"version-history":[{"count":17,"href":"https:\/\/www.getec-gmbh.com\/de\/wp-json\/wp\/v2\/pages\/3025\/revisions"}],"predecessor-version":[{"id":4001,"href":"https:\/\/www.getec-gmbh.com\/de\/wp-json\/wp\/v2\/pages\/3025\/revisions\/4001"}],"wp:attachment":[{"href":"https:\/\/www.getec-gmbh.com\/de\/wp-json\/wp\/v2\/media?parent=3025"}],"curies":[{"name":"wp","href":"https:\/\/api.w.org\/{rel}","templated":true}]}}