{"id":3019,"date":"2021-04-22T18:17:08","date_gmt":"2021-04-22T16:17:08","guid":{"rendered":"https:\/\/getec-gmbh.com\/tools\/"},"modified":"2023-04-05T12:15:19","modified_gmt":"2023-04-05T10:15:19","slug":"werkzeuge","status":"publish","type":"page","link":"https:\/\/www.getec-gmbh.com\/de\/werkzeuge\/","title":{"rendered":"WERKZEUGE"},"content":{"rendered":"<div class=\"wpb-content-wrapper\"><p>[vc_row][vc_column]\n\t\t\t<!-- START Tools REVOLUTION SLIDER 6.7.34 --><p class=\"rs-p-wp-fix\"><\/p>\n\t\t\t<rs-module-wrap id=\"rev_slider_3_1_wrapper\" data-source=\"gallery\" style=\"visibility:hidden;background:transparent;padding:0;margin:0px auto;margin-top:0;margin-bottom:0;\">\n\t\t\t\t<rs-module id=\"rev_slider_3_1\" style=\"\" data-version=\"6.7.34\">\n\t\t\t\t\t<rs-slides style=\"overflow: hidden; position: absolute;\">\n\t\t\t\t\t\t<rs-slide style=\"position: absolute;\" data-key=\"rs-69\" data-title=\"Slide\" data-anim=\"ms:1000;r:0;\" data-in=\"o:0;\" data-out=\"a:false;\">\n\t\t\t\t\t\t\t<img decoding=\"async\" src=\"\/\/www.getec-gmbh.com\/wp-content\/plugins\/revslider\/sr6\/assets\/assets\/dummy.png\" alt=\"\" title=\"veh-eng-head\" width=\"1240\" height=\"400\" class=\"rev-slidebg tp-rs-img rs-lazyload\" data-lazyload=\"\/\/getec-gmbh.com\/wp-content\/uploads\/veh-eng-head.jpg\" data-no-retina>\n<!--\n\t\t\t\t\t\t\t--><rs-layer\n\t\t\t\t\t\t\t\tid=\"slider-3-slide-69-layer-0\" \n\t\t\t\t\t\t\t\tdata-type=\"shape\"\n\t\t\t\t\t\t\t\tdata-rsp_ch=\"on\"\n\t\t\t\t\t\t\t\tdata-xy=\"x:l,l,l,r;xo:64px,64px,64px,0;y:t,t,t,b;yo:90px,90px,90px,0;\"\n\t\t\t\t\t\t\t\tdata-text=\"w:normal;\"\n\t\t\t\t\t\t\t\tdata-dim=\"w:501px,501px,501px,358px;h:230px,230px,230px,143px;\"\n\t\t\t\t\t\t\t\tdata-blendmode=\"multiply\"\n\t\t\t\t\t\t\t\tdata-border=\"bor:65px,0,0,0;\"\n\t\t\t\t\t\t\t\tdata-frame_999=\"o:0;st:w;\"\n\t\t\t\t\t\t\t\tstyle=\"z-index:5;background-color:#878786;\"\n\t\t\t\t\t\t\t> \n\t\t\t\t\t\t\t<\/rs-layer><!--\n\n\t\t\t\t\t\t\t--><rs-layer\n\t\t\t\t\t\t\t\tid=\"slider-3-slide-69-layer-1\" \n\t\t\t\t\t\t\t\tdata-type=\"text\"\n\t\t\t\t\t\t\t\tdata-rsp_ch=\"on\"\n\t\t\t\t\t\t\t\tdata-xy=\"xo:121px,121px,121px,165px;yo:133px,133px,133px,240px;\"\n\t\t\t\t\t\t\t\tdata-text=\"w:normal;s:40,40,40,29;l:42,42,42,29;\"\n\t\t\t\t\t\t\t\tdata-dim=\"w:auto,auto,auto,300px;\"\n\t\t\t\t\t\t\t\tdata-frame_999=\"o:0;st:w;\"\n\t\t\t\t\t\t\t\tstyle=\"z-index:6;font-family:'Catamaran';text-transform:uppercase;\"\n\t\t\t\t\t\t\t> Werkzeuge \n\t\t\t\t\t\t\t<\/rs-layer><!--\n\n\t\t\t\t\t\t\t--><rs-layer\n\t\t\t\t\t\t\t\tid=\"slider-3-slide-69-layer-2\" \n\t\t\t\t\t\t\t\tdata-type=\"shape\"\n\t\t\t\t\t\t\t\tdata-rsp_ch=\"on\"\n\t\t\t\t\t\t\t\tdata-xy=\"xo:121px,121px,121px,165px;yo:235px,235px,235px,307px;\"\n\t\t\t\t\t\t\t\tdata-text=\"w:normal;\"\n\t\t\t\t\t\t\t\tdata-dim=\"w:200px,200px,200px,77px;h:3px,3px,3px,1px;\"\n\t\t\t\t\t\t\t\tdata-frame_999=\"o:0;st:w;\"\n\t\t\t\t\t\t\t\tstyle=\"z-index:7;background-color:#ffffff;\"\n\t\t\t\t\t\t\t> \n\t\t\t\t\t\t\t<\/rs-layer><!--\n\n\t\t\t\t\t\t\t--><rs-layer\n\t\t\t\t\t\t\t\tid=\"slider-3-slide-69-layer-3\" \n\t\t\t\t\t\t\t\tdata-type=\"text\"\n\t\t\t\t\t\t\t\tdata-rsp_ch=\"on\"\n\t\t\t\t\t\t\t\tdata-xy=\"xo:121px,121px,121px,165px;yo:257px,257px,257px,315px;\"\n\t\t\t\t\t\t\t\tdata-text=\"w:normal;s:16;\"\n\t\t\t\t\t\t\t\tdata-frame_999=\"o:0;st:w;\"\n\t\t\t\t\t\t\t\tstyle=\"z-index:8;font-family:'Catamaran';\"\n\t\t\t\t\t\t\t>Pr\u00e4zise Analyse \u2013 Produktoptimierung \n\t\t\t\t\t\t\t<\/rs-layer><!--\n\n\t\t\t\t\t\t\t--><rs-layer\n\t\t\t\t\t\t\t\tid=\"slider-3-slide-69-layer-5\" \n\t\t\t\t\t\t\t\tdata-type=\"image\"\n\t\t\t\t\t\t\t\tdata-rsp_ch=\"on\"\n\t\t\t\t\t\t\t\tdata-xy=\"xo:1023px,1023px,1023px,395px;yo:133px,133px,133px,50px;\"\n\t\t\t\t\t\t\t\tdata-text=\"w:normal;\"\n\t\t\t\t\t\t\t\tdata-dim=\"w:157px,157px,157px,60px;h:149px,149px,149px,57px;\"\n\t\t\t\t\t\t\t\tdata-frame_999=\"o:0;st:w;\"\n\t\t\t\t\t\t\t\tstyle=\"z-index:9;\"\n\t\t\t\t\t\t\t><img decoding=\"async\" src=\"\/\/www.getec-gmbh.com\/wp-content\/plugins\/revslider\/sr6\/assets\/assets\/dummy.png\" alt=\"\" class=\"tp-rs-img rs-lazyload\" data-lazyload=\"\/\/getec-gmbh.com\/wp-content\/uploads\/veh-eng-ser-icon.svg\" data-no-retina> \n\t\t\t\t\t\t\t<\/rs-layer><!--\n\n\t\t\t\t\t\t\t--><rs-layer\n\t\t\t\t\t\t\t\tid=\"slider-3-slide-69-layer-6\" \n\t\t\t\t\t\t\t\tdata-type=\"image\"\n\t\t\t\t\t\t\t\tdata-rsp_ch=\"on\"\n\t\t\t\t\t\t\t\tdata-xy=\"x:r;y:b;\"\n\t\t\t\t\t\t\t\tdata-text=\"w:normal;\"\n\t\t\t\t\t\t\t\tdata-dim=\"w:272px,272px,272px,104px;h:292px,292px,292px,112px;\"\n\t\t\t\t\t\t\t\tdata-frame_999=\"o:0;st:w;\"\n\t\t\t\t\t\t\t\tstyle=\"z-index:10;\"\n\t\t\t\t\t\t\t><img decoding=\"async\" src=\"\/\/www.getec-gmbh.com\/wp-content\/plugins\/revslider\/sr6\/assets\/assets\/dummy.png\" alt=\"\" class=\"tp-rs-img rs-lazyload\" data-lazyload=\"\/\/getec-gmbh.com\/wp-content\/uploads\/logo-icon-white.svg\" data-no-retina> \n\t\t\t\t\t\t\t<\/rs-layer><!--\n-->\t\t\t\t\t<\/rs-slide>\n\t\t\t\t\t<\/rs-slides>\n\t\t\t\t<\/rs-module>\n\t\t\t\t<script>\n\t\t\t\t\tsetREVStartSize({c: 'rev_slider_3_1',rl:[1240,1240,1240,480],el:[400,400,400,350],gw:[1240,1240,1240,480],gh:[400,400,400,350],type:'standard',justify:'',layout:'fullwidth',mh:\"0\"});if (window.RS_MODULES!==undefined && window.RS_MODULES.modules!==undefined && window.RS_MODULES.modules[\"revslider31\"]!==undefined) {window.RS_MODULES.modules[\"revslider31\"].once = false;window.revapi3 = undefined;if (window.RS_MODULES.checkMinimal!==undefined) window.RS_MODULES.checkMinimal()}\n\t\t\t\t<\/script>\n\t\t\t<\/rs-module-wrap>\n\t\t\t<!-- END REVOLUTION SLIDER -->\n[\/vc_column][\/vc_row][vc_row full_width=&#8220;stretch_row_content&#8220; content_placement=&#8220;top&#8220; css=&#8220;.vc_custom_1597239300013{padding-top: 20px !important;padding-bottom: 20px !important;}&#8220;][vc_column width=&#8220;1\/12&#8243;][\/vc_column][vc_column width=&#8220;1\/6&#8243; la_animation_duration=&#8220;1&#8243; la_animation_delay=&#8220;0&#8243; la_animation_iteration_count=&#8220;1&#8243; offset=&#8220;vc_hidden-sm vc_hidden-xs&#8220; css=&#8220;.vc_custom_1597234321757{margin-right: 35px !important;border-top-width: 1px !important;border-right-width: 1px !important;border-bottom-width: 1px !important;border-left-width: 1px !important;padding-left: 35px !important;border-left-color: #124180 !important;border-left-style: solid !important;border-right-color: #124180 !important;border-right-style: solid !important;border-top-color: #124180 !important;border-top-style: solid !important;border-bottom-color: #124180 !important;border-bottom-style: solid !important;}&#8220;][vc_wp_custommenu nav_menu=&#8220;36&#8243;][\/vc_column][vc_column width=&#8220;1\/4&#8243;][vc_column_text]<\/p>\n<h2>GETEC BIETET EINE VIELZAHL VON WERKZEUGEN IM BEREICH DER FAHRZEUGENTWICKLUNG AN.<\/h2>\n<p>Die richtigen Werkzeuge k\u00f6nnen die Entwicklungseffizienz erheblich steigern und die Entwicklungskosten deutlich senken. GETIT\u2122 ist der Name unserer Reihe von Werkzeugen, die vom GETEC-Team entwickelt wurden. In der Entwicklung angewandt, kann es in der Phase der Produktentwicklung vom ersten Konzept bis zur Massenproduktion usw. optimiert werden, um das Produktdesign besser auf die Marktnachfrage abzustimmen und die Produktleistung zu verbessern<strong>.<\/strong>[\/vc_column_text][\/vc_column][vc_column width=&#8220;1\/2&#8243;][vc_single_image image=&#8220;2488&#8243; img_size=&#8220;470&#215;225&#8243; onclick=&#8220;link_image&#8220;][\/vc_column][\/vc_row][vc_section full_width=&#8220;stretch_row&#8220; el_class=&#8220;branded&#8220; css=&#8220;.vc_custom_1594327250584{padding-top: 35px !important;padding-bottom: 35px !important;}&#8220;][vc_row][vc_column][vc_column_text css=&#8220;.vc_custom_1619106522498{margin-bottom: 5px !important;padding-top: 25px !important;padding-right: 15px !important;padding-bottom: 25px !important;padding-left: 35px !important;background-color: #124180 !important;}&#8220; el_class=&#8220;light_text rounded&#8220;]<\/p>\n<h3 style=\"text-transform: uppercase;\"><strong>GETIT\u2122 SIMUDRIVE<\/strong><\/h3>\n<p>[\/vc_column_text][vc_row_inner css=&#8220;.vc_custom_1594402674850{margin-right: 0px !important;margin-left: 0px !important;background-color: rgba(255,255,255,0.8) !important;*background-color: rgb(255,255,255) !important;}&#8220;][vc_column_inner width=&#8220;1\/2&#8243; la_animation_duration=&#8220;1&#8243; la_animation_delay=&#8220;0&#8243; la_animation_iteration_count=&#8220;1&#8243; css=&#8220;.vc_custom_1594402827194{padding-right: 0px !important;padding-left: 0px !important;}&#8220;][vc_column_text css=&#8220;.vc_custom_1669292119730{padding-top: 25px !important;padding-right: 15px !important;padding-bottom: 25px !important;padding-left: 35px !important;}&#8220;]Das von GETEC entwickelte SimuDrive-Tool wird haupts\u00e4chlich eingesetzt f\u00fcr:<\/p>\n<ul>\n<li>Simulation des Kraftstoffverbrauchs (NEFZ\/WLTC-Zyklus usw.)<\/li>\n<li>Leistungssimulation\n<ul>\n<li>Beschleunigungsverhalten<\/li>\n<li>Wiederbeschleunigungsverhalten<\/li>\n<\/ul>\n<\/li>\n<li>Simulation des Fahrverhaltens\n<ul>\n<li>Beschleunigung (aus dem Stillstand)<\/li>\n<li>Beschleunigung (aus dem Stand)<\/li>\n<li>Saw Tooth &amp;Tip in(Busy shift check)<\/li>\n<li>Realer Stra\u00dfenzyklus (z.B. typischer Fahrzyklus von RLD)<\/li>\n<li>Generieren und Optimieren von Schaltkennfeldern<\/li>\n<\/ul>\n<\/li>\n<li>ECO-Schaltkennfeld\/Sport-Schaltkennfeld<\/li>\n<li>\u00dcberpr\u00fcfung und Optimierung der Pedalkennlinie<\/li>\n<\/ul>\n<p>SimuDrive besteht aus drei Modulen:<\/p>\n<ul>\n<li>Schnittstelle f\u00fcr Eingangsdaten<\/li>\n<li>Schnittstelle f\u00fcr Kalibrierungswerkzeuge<\/li>\n<li>Schnittstelle zur Auswertung<\/li>\n<\/ul>\n<p>Die Ergebnisse von SimuDrive werden als Basis-Schaltkennfeld f\u00fcr die detaillierte Fahrzeugkalibrierung verwendet. Erfahrungsgem\u00e4\u00df werden die Ergebnisse so umgesetzt, dass das Fahrzeug einen guten Zustand erreichen und das Hauptziel der Desktop-Kalibrierung erf\u00fcllen kann.[\/vc_column_text][\/vc_column_inner][vc_column_inner width=&#8220;1\/2&#8243; la_animation_duration=&#8220;1&#8243; la_animation_delay=&#8220;0&#8243; la_animation_iteration_count=&#8220;1&#8243; css=&#8220;.vc_custom_1594402729746{padding-top: 0px !important;padding-right: 0px !important;padding-left: 0px !important;}&#8220;][vc_single_image image=&#8220;2325&#8243; img_size=&#8220;full&#8220;][vc_single_image image=&#8220;2272&#8243; img_size=&#8220;full&#8220; alignment=&#8220;center&#8220; css=&#8220;.vc_custom_1619106760859{margin-bottom: 0px !important;}&#8220;][\/vc_column_inner][\/vc_row_inner][\/vc_column][\/vc_row][vc_row][vc_column][vc_column_text css=&#8220;.vc_custom_1619106850809{margin-bottom: 5px !important;padding-top: 25px !important;padding-right: 15px !important;padding-bottom: 25px !important;padding-left: 35px !important;background-color: #124180 !important;}&#8220; el_class=&#8220;light_text rounded&#8220;]<\/p>\n<h3 style=\"text-transform: uppercase;\"><strong>GETIT\u2122 RATIOLYZER<\/strong><\/h3>\n<p>[\/vc_column_text][vc_row_inner css=&#8220;.vc_custom_1594402674850{margin-right: 0px !important;margin-left: 0px !important;background-color: rgba(255,255,255,0.8) !important;*background-color: rgb(255,255,255) !important;}&#8220;][vc_column_inner width=&#8220;1\/2&#8243; la_animation_duration=&#8220;1&#8243; la_animation_delay=&#8220;0&#8243; la_animation_iteration_count=&#8220;1&#8243; css=&#8220;.vc_custom_1594402827194{padding-right: 0px !important;padding-left: 0px !important;}&#8220;][vc_column_text css=&#8220;.vc_custom_1619106907135{padding-top: 25px !important;padding-right: 15px !important;padding-bottom: 25px !important;padding-left: 35px !important;}&#8220;]Das <b>GETIT<\/b>\u2122 RatioLyzer-Tool wurde entwickelt, um die Auslegung von Getriebe\u00fcbersetzungen zu unterst\u00fctzen. Die Spreizung der Getriebe\u00fcbersetzung hat einen entscheidenden Einfluss auf die dynamische und wirtschaftliche Leistung eines Fahrzeugs, die die grundlegendsten und wichtigsten Eigenschaften von Fahrzeugen sind.<\/p>\n<p>Der <b>GETIT<\/b>\u2122 RatioLyzer ist sowohl f\u00fcr herk\u00f6mmliche Fahrzeuge mit Verbrennungsmotor als auch f\u00fcr verschiedene Arten von Hybridauslegung anwendbar. Durch die Verwendung des Tools kann der Ingenieur die Auswahl des Verh\u00e4ltnisses auf der Grundlage mehrdimensionaler Anforderungen ber\u00fccksichtigen, z. B. H\u00f6chstgeschwindigkeit, Steigf\u00e4higkeit, Beschleunigung, Kraftstoffverbrauch, Man\u00f6vrierf\u00e4higkeit und Homogenit\u00e4t des Verh\u00e4ltnisses.<\/p>\n<p>Das RatioLyzer Tool unterst\u00fctzt den Ingenieur:<\/p>\n<ul>\n<li>Forschung und Definition des idealen Verh\u00e4ltnisses f\u00fcr ICE\/Hybrid\/EV, je nach\n<ul>\n<li>Leistungsanforderung<\/li>\n<li>Effiziente Anpassungsrate<\/li>\n<li>Vermeiden potenzieller NVH-Risiken<\/li>\n<\/ul>\n<\/li>\n<li>\u00dcberpr\u00fcfen Sie das praktikable Verh\u00e4ltnis in der Zielanwendung<\/li>\n<\/ul>\n<p>Das Tool bietet ein flexibles Layout, visualisierte Kurven und Daten sowie vergleichbare Ergebnisse, um die hohe Effizienz der Ingenieure zu gew\u00e4hrleisten.[\/vc_column_text][\/vc_column_inner][vc_column_inner width=&#8220;1\/2&#8243; la_animation_duration=&#8220;1&#8243; la_animation_delay=&#8220;0&#8243; la_animation_iteration_count=&#8220;1&#8243; css=&#8220;.vc_custom_1594402729746{padding-top: 0px !important;padding-right: 0px !important;padding-left: 0px !important;}&#8220;][vc_single_image image=&#8220;2323&#8243; img_size=&#8220;full&#8220;][vc_single_image image=&#8220;2270&#8243; img_size=&#8220;full&#8220; alignment=&#8220;center&#8220; css=&#8220;.vc_custom_1619106937788{margin-bottom: 0px !important;}&#8220;][\/vc_column_inner][\/vc_row_inner][\/vc_column][\/vc_row][vc_row][vc_column][vc_column_text css=&#8220;.vc_custom_1680689486052{margin-bottom: 5px !important;padding-top: 25px !important;padding-right: 15px !important;padding-bottom: 25px !important;padding-left: 35px !important;background-color: #124180 !important;}&#8220; el_class=&#8220;light_text rounded&#8220;]<\/p>\n<h3 style=\"text-transform: uppercase;\"><strong>GETIT\u2122 DecodeIT<\/strong><\/h3>\n<p>[\/vc_column_text][vc_row_inner css=&#8220;.vc_custom_1594402674850{margin-right: 0px !important;margin-left: 0px !important;background-color: rgba(255,255,255,0.8) !important;*background-color: rgb(255,255,255) !important;}&#8220;][vc_column_inner width=&#8220;1\/2&#8243; la_animation_duration=&#8220;1&#8243; la_animation_delay=&#8220;0&#8243; la_animation_iteration_count=&#8220;1&#8243; css=&#8220;.vc_custom_1594402827194{padding-right: 0px !important;padding-left: 0px !important;}&#8220;][vc_column_text css=&#8220;.vc_custom_1680689633249{padding-top: 25px !important;padding-right: 15px !important;padding-bottom: 25px !important;padding-left: 35px !important;}&#8220;]Das <b>GETIT<\/b>\u2122 DecodeIT-Tool wurde speziell entwickelt, um eine schnelle, effiziente und benutzerfreundliche M\u00f6glichkeit zur Erzeugung der CAN-dbc-Datei f\u00fcr jedes moderne Fahrzeug-CAN-Netzwerk bereitzustellen. Die Untersuchung der Fahrzeug-CAN-Daten erm\u00f6glicht es Entwicklungsteams, objektive Daten bereitzustellen, die die Schaltqualit\u00e4t, Fahrbarkeit, Leistung und Kraftstoffeffizienz des Fahrzeugs definieren.<\/p>\n<p>DecodeIt verf\u00fcgt \u00fcber folgende Funktionen:<\/p>\n<ul>\n<li>Flexible Kalibrierung des Traces in Signale und Echtzeit-Anzeige von Signalverl\u00e4ufen basierend auf ausgew\u00e4hlten Bits und unterschiedlichen Signalparameterkonfigurationen.<\/li>\n<li>Skalierbares Diagramm<\/li>\n<li>Unterst\u00fctzung mehrerer Linienanzeige<\/li>\n<li>Unterst\u00fctzung doppelter Achse<\/li>\n<li>Unterst\u00fctzung benutzerdefinierter Linienattribute wie Farbe, Breite, Anzeige auf linker\/rechter Achse<\/li>\n<li>Unterst\u00fctzung definierter Signal-Viewer-Funktionen<\/li>\n<li>Signale g\u00fcltig Warnung<\/li>\n<li>Ein-Klick-Generierung (.dbc-Datei)<\/li>\n<li>Unterst\u00fctzung von dbc-Importen \u2192 Zusammenarbeit von verschiedenen Benutzern<\/li>\n<\/ul>\n<p>DecodeIt <strong>FlexRay<\/strong> Option ist ebenfalls verf\u00fcgbar.[\/vc_column_text][\/vc_column_inner][vc_column_inner width=&#8220;1\/2&#8243; la_animation_duration=&#8220;1&#8243; la_animation_delay=&#8220;0&#8243; la_animation_iteration_count=&#8220;1&#8243; css=&#8220;.vc_custom_1594402729746{padding-top: 0px !important;padding-right: 0px !important;padding-left: 0px !important;}&#8220;][vc_single_image image=&#8220;3710&#8243; img_size=&#8220;full&#8220;][vc_single_image image=&#8220;3712&#8243; img_size=&#8220;full&#8220; alignment=&#8220;center&#8220; css=&#8220;.vc_custom_1680689647946{margin-bottom: 0px !important;}&#8220; title=&#8220;DecodeIt &#8211; Benutzeroberfl\u00e4che&#8220;][\/vc_column_inner][\/vc_row_inner][\/vc_column][\/vc_row][\/vc_section][vc_section full_width=&#8220;stretch_row&#8220; css=&#8220;.vc_custom_1601982189060{padding-top: 0px !important;background-image: url(https:\/\/getec-gmbh.com\/wp-content\/uploads\/contact1-bg.jpg?id=124) !important;background-position: center !important;background-repeat: no-repeat !important;background-size: cover !important;}&#8220;][vc_row css=&#8220;.vc_custom_1594327750595{border-top-width: 3px !important;background-color: #ffffff !important;border-top-color: #124180 !important;border-top-style: solid !important;}&#8220;][vc_column la_animation_duration=&#8220;1&#8243; la_animation_delay=&#8220;0&#8243; la_animation_iteration_count=&#8220;1&#8243;][vc_column_text]<\/p>\n<h2>F\u00fcr weitere Details kontaktieren Sie bitte unser Team.<br \/>\nWir werden uns umgehend mit Ihnen in Verbindung setzen.<\/h2>\n<p>[\/vc_column_text][vc_row_inner el_class=&#8220;branded2&#8243;][vc_column_inner width=&#8220;1\/2&#8243;][vc_column_text]<span style=\"color: #124180;\"><strong>F\u00fcr den europ\u00e4ischen Markt, kontaktieren Sie bitte:<br \/>\n<\/strong><\/span>Herr Michael Spielmann<br \/>\nKey Account Manager<br \/>\n<i class=\"fa fa-phone\" style=\"margin-right: 5px;\"><\/i> +49 2464 90266 266<br \/>\n<i class=\"fa fa-at\" style=\"margin-right: 7px;\"><\/i>michael.spielmann@getec-gmbh.com[\/vc_column_text][\/vc_column_inner][vc_column_inner width=&#8220;1\/2&#8243;][vc_column_text]<span style=\"color: #124180;\"><strong>F\u00fcr den asiatischen Markt, kontaktieren Sie bitte:<br \/>\n<\/strong><\/span>Herr Xia Shaohua<br \/>\nProjekt- und Gesch\u00e4ftsdirektor<br \/>\n<i class=\"fa fa-phone\" style=\"margin-right: 5px;\"><\/i>+86 512 6895 2081<br \/>\n<i class=\"fa fa-at\" style=\"margin-right: 7px;\"><\/i>shaohua.xia@getec-gmbh.com[\/vc_column_text][\/vc_column_inner][\/vc_row_inner][\/vc_column][\/vc_row][vc_row][vc_column la_animation_duration=&#8220;1&#8243; la_animation_delay=&#8220;0&#8243; la_animation_iteration_count=&#8220;1&#8243; offset=&#8220;vc_hidden-md vc_hidden-sm vc_hidden-xs&#8220;][vc_empty_space height=&#8220;250px&#8220;][\/vc_column][\/vc_row][\/vc_section]<\/p>\n<\/div>","protected":false},"excerpt":{"rendered":"<p>[vc_row][vc_column][\/vc_column][\/vc_row][vc_row full_width=&#8220;stretch_row_content&#8220; content_placement=&#8220;top&#8220; css=&#8220;.vc_custom_1597239300013{padding-top: 20px !important;padding-bottom: 20px !important;}&#8220;][vc_column width=&#8220;1\/12&#8243;][\/vc_column][vc_column width=&#8220;1\/6&#8243; la_animation_duration=&#8220;1&#8243; la_animation_delay=&#8220;0&#8243; la_animation_iteration_count=&#8220;1&#8243; offset=&#8220;vc_hidden-sm vc_hidden-xs&#8220; css=&#8220;.vc_custom_1597234321757{margin-right: 35px !important;border-top-width: 1px !important;border-right-width: 1px !important;border-bottom-width: 1px !important;border-left-width: 1px !important;padding-left: 35px !important;border-left-color: #124180 !important;border-left-style: solid !important;border-right-color: #124180 !important;border-right-style: solid !important;border-top-color: #124180 !important;border-top-style: solid !important;border-bottom-color: #124180 !important;border-bottom-style: solid !important;}&#8220;][vc_wp_custommenu nav_menu=&#8220;36&#8243;][\/vc_column][vc_column width=&#8220;1\/4&#8243;][vc_column_text] GETEC BIETET EINE VIELZAHL VON WERKZEUGEN IM BEREICH DER FAHRZEUGENTWICKLUNG AN. Die richtigen Werkzeuge&hellip;<\/p>\n","protected":false},"author":3,"featured_media":0,"parent":0,"menu_order":0,"comment_status":"closed","ping_status":"closed","template":"","meta":{"footnotes":""},"class_list":["post-3019","page","type-page","status-publish","hentry"],"_links":{"self":[{"href":"https:\/\/www.getec-gmbh.com\/de\/wp-json\/wp\/v2\/pages\/3019","targetHints":{"allow":["GET"]}}],"collection":[{"href":"https:\/\/www.getec-gmbh.com\/de\/wp-json\/wp\/v2\/pages"}],"about":[{"href":"https:\/\/www.getec-gmbh.com\/de\/wp-json\/wp\/v2\/types\/page"}],"author":[{"embeddable":true,"href":"https:\/\/www.getec-gmbh.com\/de\/wp-json\/wp\/v2\/users\/3"}],"replies":[{"embeddable":true,"href":"https:\/\/www.getec-gmbh.com\/de\/wp-json\/wp\/v2\/comments?post=3019"}],"version-history":[{"count":8,"href":"https:\/\/www.getec-gmbh.com\/de\/wp-json\/wp\/v2\/pages\/3019\/revisions"}],"predecessor-version":[{"id":3717,"href":"https:\/\/www.getec-gmbh.com\/de\/wp-json\/wp\/v2\/pages\/3019\/revisions\/3717"}],"wp:attachment":[{"href":"https:\/\/www.getec-gmbh.com\/de\/wp-json\/wp\/v2\/media?parent=3019"}],"curies":[{"name":"wp","href":"https:\/\/api.w.org\/{rel}","templated":true}]}}