{"id":2989,"date":"2020-07-02T14:58:48","date_gmt":"2020-07-02T12:58:48","guid":{"rendered":"https:\/\/getec-gmbh.com\/vehicle-engineering-service\/"},"modified":"2023-04-05T12:25:03","modified_gmt":"2023-04-05T10:25:03","slug":"fahrzeugtechnische-dienstleistungen","status":"publish","type":"page","link":"https:\/\/www.getec-gmbh.com\/de\/fahrzeugtechnische-dienstleistungen\/","title":{"rendered":"Fahrzeugtechnische Dienstleistungen"},"content":{"rendered":"<div class=\"wpb-content-wrapper\"><p>[vc_row][vc_column]\n\t\t\t<!-- START Vehicle Engineering Service REVOLUTION SLIDER 6.7.34 --><p class=\"rs-p-wp-fix\"><\/p>\n\t\t\t<rs-module-wrap id=\"rev_slider_21_1_wrapper\" data-source=\"gallery\" style=\"visibility:hidden;background:transparent;padding:0;margin:0px auto;margin-top:0;margin-bottom:0;\">\n\t\t\t\t<rs-module id=\"rev_slider_21_1\" style=\"\" data-version=\"6.7.34\">\n\t\t\t\t\t<rs-slides style=\"overflow: hidden; position: absolute;\">\n\t\t\t\t\t\t<rs-slide style=\"position: absolute;\" data-key=\"rs-55\" data-title=\"Slide\" data-anim=\"ms:1000;r:0;\" data-in=\"o:0;\" data-out=\"a:false;\">\n\t\t\t\t\t\t\t<img decoding=\"async\" src=\"\/\/www.getec-gmbh.com\/wp-content\/plugins\/revslider\/sr6\/assets\/assets\/dummy.png\" alt=\"\" title=\"veh-eng-head\" width=\"1240\" height=\"400\" class=\"rev-slidebg tp-rs-img rs-lazyload\" data-lazyload=\"\/\/getec-gmbh.com\/wp-content\/uploads\/veh-eng-head.jpg\" data-no-retina>\n<!--\n\t\t\t\t\t\t\t--><rs-layer\n\t\t\t\t\t\t\t\tid=\"slider-21-slide-55-layer-0\" \n\t\t\t\t\t\t\t\tdata-type=\"shape\"\n\t\t\t\t\t\t\t\tdata-rsp_ch=\"on\"\n\t\t\t\t\t\t\t\tdata-xy=\"x:l,l,l,r;xo:64px,64px,64px,0;y:t,t,t,b;yo:90px,90px,90px,0;\"\n\t\t\t\t\t\t\t\tdata-text=\"w:normal;\"\n\t\t\t\t\t\t\t\tdata-dim=\"w:501px,501px,501px,358px;h:230px,230px,230px,143px;\"\n\t\t\t\t\t\t\t\tdata-blendmode=\"multiply\"\n\t\t\t\t\t\t\t\tdata-border=\"bor:65px,0,0,0;\"\n\t\t\t\t\t\t\t\tdata-frame_999=\"o:0;st:w;\"\n\t\t\t\t\t\t\t\tstyle=\"z-index:5;background-color:#878786;\"\n\t\t\t\t\t\t\t> \n\t\t\t\t\t\t\t<\/rs-layer><!--\n\n\t\t\t\t\t\t\t--><rs-layer\n\t\t\t\t\t\t\t\tid=\"slider-21-slide-55-layer-1\" \n\t\t\t\t\t\t\t\tdata-type=\"text\"\n\t\t\t\t\t\t\t\tdata-rsp_ch=\"on\"\n\t\t\t\t\t\t\t\tdata-xy=\"xo:121px,121px,121px,165px;yo:133px,133px,133px,240px;\"\n\t\t\t\t\t\t\t\tdata-text=\"w:normal;s:40,40,40,29;l:42,42,42,29;\"\n\t\t\t\t\t\t\t\tdata-dim=\"w:auto,auto,auto,300px;\"\n\t\t\t\t\t\t\t\tdata-frame_999=\"o:0;st:w;\"\n\t\t\t\t\t\t\t\tstyle=\"z-index:6;font-family:'Catamaran';text-transform:uppercase;\"\n\t\t\t\t\t\t\t>Fahrzeugtechnische<br \/>\nDienstleistungen \n\t\t\t\t\t\t\t<\/rs-layer><!--\n\n\t\t\t\t\t\t\t--><rs-layer\n\t\t\t\t\t\t\t\tid=\"slider-21-slide-55-layer-2\" \n\t\t\t\t\t\t\t\tdata-type=\"shape\"\n\t\t\t\t\t\t\t\tdata-rsp_ch=\"on\"\n\t\t\t\t\t\t\t\tdata-xy=\"xo:121px,121px,121px,165px;yo:235px,235px,235px,307px;\"\n\t\t\t\t\t\t\t\tdata-text=\"w:normal;\"\n\t\t\t\t\t\t\t\tdata-dim=\"w:200px,200px,200px,77px;h:3px,3px,3px,1px;\"\n\t\t\t\t\t\t\t\tdata-frame_999=\"o:0;st:w;\"\n\t\t\t\t\t\t\t\tstyle=\"z-index:7;background-color:#ffffff;\"\n\t\t\t\t\t\t\t> \n\t\t\t\t\t\t\t<\/rs-layer><!--\n\n\t\t\t\t\t\t\t--><rs-layer\n\t\t\t\t\t\t\t\tid=\"slider-21-slide-55-layer-3\" \n\t\t\t\t\t\t\t\tdata-type=\"text\"\n\t\t\t\t\t\t\t\tdata-rsp_ch=\"on\"\n\t\t\t\t\t\t\t\tdata-xy=\"xo:121px,121px,121px,165px;yo:257px,257px,257px,315px;\"\n\t\t\t\t\t\t\t\tdata-text=\"w:normal;s:16;\"\n\t\t\t\t\t\t\t\tdata-frame_999=\"o:0;st:w;\"\n\t\t\t\t\t\t\t\tstyle=\"z-index:8;font-family:'Catamaran';\"\n\t\t\t\t\t\t\t>Fortgeschrittene Analyse \u2013 Produktoptimierung \n\t\t\t\t\t\t\t<\/rs-layer><!--\n\n\t\t\t\t\t\t\t--><rs-layer\n\t\t\t\t\t\t\t\tid=\"slider-21-slide-55-layer-5\" \n\t\t\t\t\t\t\t\tdata-type=\"image\"\n\t\t\t\t\t\t\t\tdata-rsp_ch=\"on\"\n\t\t\t\t\t\t\t\tdata-xy=\"xo:1023px,1023px,1023px,395px;yo:133px,133px,133px,50px;\"\n\t\t\t\t\t\t\t\tdata-text=\"w:normal;\"\n\t\t\t\t\t\t\t\tdata-dim=\"w:157px,157px,157px,60px;h:149px,149px,149px,57px;\"\n\t\t\t\t\t\t\t\tdata-frame_999=\"o:0;st:w;\"\n\t\t\t\t\t\t\t\tstyle=\"z-index:9;\"\n\t\t\t\t\t\t\t><img decoding=\"async\" src=\"\/\/www.getec-gmbh.com\/wp-content\/plugins\/revslider\/sr6\/assets\/assets\/dummy.png\" alt=\"\" class=\"tp-rs-img rs-lazyload\" data-lazyload=\"\/\/getec-gmbh.com\/wp-content\/uploads\/veh-eng-ser-icon.svg\" data-no-retina> \n\t\t\t\t\t\t\t<\/rs-layer><!--\n\n\t\t\t\t\t\t\t--><rs-layer\n\t\t\t\t\t\t\t\tid=\"slider-21-slide-55-layer-6\" \n\t\t\t\t\t\t\t\tdata-type=\"image\"\n\t\t\t\t\t\t\t\tdata-rsp_ch=\"on\"\n\t\t\t\t\t\t\t\tdata-xy=\"x:r;y:b;\"\n\t\t\t\t\t\t\t\tdata-text=\"w:normal;\"\n\t\t\t\t\t\t\t\tdata-dim=\"w:272px,272px,272px,104px;h:292px,292px,292px,112px;\"\n\t\t\t\t\t\t\t\tdata-frame_999=\"o:0;st:w;\"\n\t\t\t\t\t\t\t\tstyle=\"z-index:10;\"\n\t\t\t\t\t\t\t><img decoding=\"async\" src=\"\/\/www.getec-gmbh.com\/wp-content\/plugins\/revslider\/sr6\/assets\/assets\/dummy.png\" alt=\"\" class=\"tp-rs-img rs-lazyload\" data-lazyload=\"\/\/getec-gmbh.com\/wp-content\/uploads\/logo-icon-white.svg\" data-no-retina> \n\t\t\t\t\t\t\t<\/rs-layer><!--\n-->\t\t\t\t\t<\/rs-slide>\n\t\t\t\t\t<\/rs-slides>\n\t\t\t\t<\/rs-module>\n\t\t\t\t<script>\n\t\t\t\t\tsetREVStartSize({c: 'rev_slider_21_1',rl:[1240,1240,1240,480],el:[400,400,400,350],gw:[1240,1240,1240,480],gh:[400,400,400,350],type:'standard',justify:'',layout:'fullwidth',mh:\"0\"});if (window.RS_MODULES!==undefined && window.RS_MODULES.modules!==undefined && window.RS_MODULES.modules[\"revslider211\"]!==undefined) {window.RS_MODULES.modules[\"revslider211\"].once = false;window.revapi21 = undefined;if (window.RS_MODULES.checkMinimal!==undefined) window.RS_MODULES.checkMinimal()}\n\t\t\t\t<\/script>\n\t\t\t<\/rs-module-wrap>\n\t\t\t<!-- END REVOLUTION SLIDER -->\n[\/vc_column][\/vc_row][vc_row full_width=&#8220;stretch_row_content&#8220; content_placement=&#8220;top&#8220; css=&#8220;.vc_custom_1597239300013{padding-top: 20px !important;padding-bottom: 20px !important;}&#8220;][vc_column width=&#8220;1\/12&#8243;][\/vc_column][vc_column width=&#8220;1\/6&#8243; la_animation_duration=&#8220;1&#8243; la_animation_delay=&#8220;0&#8243; la_animation_iteration_count=&#8220;1&#8243; offset=&#8220;vc_hidden-sm vc_hidden-xs&#8220; css=&#8220;.vc_custom_1597234321757{margin-right: 35px !important;border-top-width: 1px !important;border-right-width: 1px !important;border-bottom-width: 1px !important;border-left-width: 1px !important;padding-left: 35px !important;border-left-color: #124180 !important;border-left-style: solid !important;border-right-color: #124180 !important;border-right-style: solid !important;border-top-color: #124180 !important;border-top-style: solid !important;border-bottom-color: #124180 !important;border-bottom-style: solid !important;}&#8220;][vc_wp_custommenu nav_menu=&#8220;36&#8243;][\/vc_column][vc_column width=&#8220;1\/4&#8243;][vc_column_text]<\/p>\n<h2>GETEC BIETET EINE VIELZAHL VON DIENSTLEISTUNGEN IM BEREICH DER FAHRZEUGTECHNIK AN.<\/h2>\n<p>GETEC unterst\u00fctzt Kunden mit Benchmarking, Entwicklung von Arbeits- und Testzyklen, Kalibrierung, Integration des Antriebsstrangs und Fehlerbehebung im Produktentwicklungsprozess.[\/vc_column_text][\/vc_column][vc_column width=&#8220;1\/2&#8243;][vc_single_image image=&#8220;118&#8243; img_size=&#8220;470&#215;225&#8243; onclick=&#8220;link_image&#8220;][\/vc_column][\/vc_row][vc_section full_width=&#8220;stretch_row&#8220; el_class=&#8220;branded&#8220; css=&#8220;.vc_custom_1594327250584{padding-top: 35px !important;padding-bottom: 35px !important;}&#8220;][vc_row][vc_column width=&#8220;1\/2&#8243;][vc_column_text css=&#8220;.vc_custom_1594401808943{margin-bottom: 5px !important;padding-top: 25px !important;padding-right: 15px !important;padding-bottom: 25px !important;padding-left: 35px !important;background-color: #124180 !important;}&#8220; el_class=&#8220;light_text rounded&#8220;]<\/p>\n<h3 style=\"text-transform: uppercase;\">BENCHMARKING<\/h3>\n<p>[\/vc_column_text][vc_column_text css=&#8220;.vc_custom_1600677568636{padding-top: 25px !important;padding-right: 15px !important;padding-bottom: 25px !important;padding-left: 35px !important;background-color: rgba(255,255,255,0.8) !important;*background-color: rgb(255,255,255) !important;}&#8220; el_class=&#8220;min435&#8243;]Unsere Benchmarking-Dienstleistungen konzentrieren sich auf die folgenden zwei Segmente:<\/p>\n<ul>\n<li><strong>Hardware-Benchmarking: <\/strong><br \/>\nGETEC ist in der Lage, die Struktur des Antriebsstrangs und dessen Anordnung im Fahrzeug, die Abmessungen und Werkstoffe der Komponenten sowie deren Funktionalit\u00e4ten innerhalb k\u00fcrzester Zeit zu analysieren.<\/li>\n<li><strong>Fahrtechnische Bewertung:<br \/>\n<\/strong> Die GETEC-Fachleute fahren das Fahrzeug unter allen m\u00f6glichen Bedingungen. Die Messdaten werden genutzt und ausgewertet, um Anforderungen f\u00fcr Kundenentwicklungen zu entwickeln.<\/li>\n<\/ul>\n<p>[\/vc_column_text][\/vc_column][vc_column width=&#8220;1\/2&#8243;][vc_column_text css=&#8220;.vc_custom_1594401907055{margin-bottom: 5px !important;padding-top: 25px !important;padding-right: 15px !important;padding-bottom: 25px !important;padding-left: 35px !important;background-color: #124180 !important;}&#8220; el_class=&#8220;light_text rounded&#8220;]<\/p>\n<h3 style=\"text-transform: uppercase;\">STRASSENBELASTUNGSDATEN (RLD)<\/h3>\n<p>[\/vc_column_text][vc_column_text css=&#8220;.vc_custom_1680690301225{padding-top: 25px !important;padding-right: 15px !important;padding-bottom: 25px !important;padding-left: 35px !important;background-color: rgba(255,255,255,0.8) !important;*background-color: rgb(255,255,255) !important;}&#8220; el_class=&#8220;min310&#8243;]Unser Tool zur Erfassung und Bewertung von Stra\u00dfenbelastungsdaten (RLD) erm\u00f6glicht es Kunden, f\u00fcr die Lebensdauer repr\u00e4sentative CAE-Arbeitszyklen, Pr\u00fcfstandszyklen und Fahrzeugtestprogramme zu erstellen.<\/p>\n<p><strong>Der RLD-Service umfasst die folgenden Schritte:<\/strong><\/p>\n<ul>\n<li>RLD-Planung (Zielfestlegung, Planung von Messort und -inhalt, Definition der erforderlichen Messsignale, Planung der Fahrereigenschaften).<\/li>\n<li>RLD-Vorbereitung (Fahrzeugvorbereitung, Sensorinstallation \/ CAN-Entschl\u00fcsselung mit <a href=\"https:\/\/getec-gmbh.com\/tools\/\">GETECs DecodeIt Tool<\/a>, Fahrzeugabnahme, Logistik).<\/li>\n<li>RLD-Durchf\u00fchrung (RLD-Messungen auf der realen Stra\u00dfe, auf der Teststrecke und in spezieller Umgebung oder an speziellen Orten).<\/li>\n<li>RLD-Evaluierung (Arbeitszyklus, Pr\u00fcfstandstestzyklus, Fahrzeugtestprogramm und Entwicklung von Testspezifikationen).<\/li>\n<\/ul>\n<p>[\/vc_column_text][\/vc_column][\/vc_row][vc_row][vc_column width=&#8220;1\/2&#8243;][vc_column_text css=&#8220;.vc_custom_1600677599355{margin-bottom: 5px !important;padding-top: 25px !important;padding-right: 15px !important;padding-bottom: 25px !important;padding-left: 35px !important;background-color: #124180 !important;}&#8220; el_class=&#8220;light_text rounded&#8220;]<\/p>\n<h3 style=\"text-transform: uppercase;\">SIGNALERFASSUNG<\/h3>\n<p>[\/vc_column_text][vc_column_text css=&#8220;.vc_custom_1600677694208{padding-top: 25px !important;padding-right: 15px !important;padding-bottom: 25px !important;padding-left: 35px !important;background-color: rgba(255,255,255,0.8) !important;*background-color: rgb(255,255,255) !important;}&#8220; el_class=&#8220;min310&#8243;]<\/p>\n<ul>\n<li>Unsere Anwendungsingenieure verf\u00fcgen \u00fcber umfangreiche Erfahrungen in den Bereichen Fahrzeug-CAN, UDS, Flexray-Analyse, Pr\u00fcfung und Reverse Engineering.<\/li>\n<li>Standardisierte und spezifische Tools werden eingesetzt, um schnell vollst\u00e4ndige Fahrzeuginformationen zu erhalten und sie f\u00fcr die Zusammenfassung und Analyse f\u00fcr das Kundenfeedback zu verwenden.<\/li>\n<\/ul>\n<p>[\/vc_column_text][\/vc_column][vc_column width=&#8220;1\/2&#8243;][vc_column_text css=&#8220;.vc_custom_1594402072338{margin-bottom: 5px !important;padding-top: 25px !important;padding-right: 15px !important;padding-bottom: 25px !important;padding-left: 35px !important;background-color: #124180 !important;}&#8220; el_class=&#8220;light_text rounded&#8220;]<\/p>\n<h3 style=\"text-transform: uppercase;\">KALIBRIERUNG<\/h3>\n<p>[\/vc_column_text][vc_column_text css=&#8220;.vc_custom_1605177446314{padding-top: 25px !important;padding-right: 15px !important;padding-bottom: 25px !important;padding-left: 35px !important;background-color: rgba(255,255,255,0.8) !important;*background-color: rgb(255,255,255) !important;}&#8220; el_class=&#8220;min310&#8243;]In Kombination mit unserer umfangreichen Erfahrung im Bereich der Kalibrierung kann GETEC die folgenden Kalibrierungsdienste anbieten:<\/p>\n<ul>\n<li>Benchmarking von Schichtqualit\u00e4t und -strategie<\/li>\n<li>Entwicklung und Bewertung von Kalibrierungen<\/li>\n<li>Kalibrierung von Schaltkennfeldern und -strategien<\/li>\n<li>Kalibrierung und Optimierung von Werkstattschaltungen, Kriechen, Anfahren, Verschieben, Steigung, Verz\u00f6gerung, Diagnose<\/li>\n<li>Schnittstellenpr\u00fcfung<\/li>\n<li>Analyse der Qualit\u00e4t einzelner Schaltvorg\u00e4nge und der Fahrbarkeit<\/li>\n<\/ul>\n<p>Bei der Kalibrierung wird haupts\u00e4chlich das von GETEC entwickelte Tool <a href=\"https:\/\/getec-gmbh.com\/getit-simudrive\/\"><strong>GETIT SimuDrive<\/strong><\/a> eingesetzt:<\/p>\n<ul>\n<li>Simulation des Kraftstoffverbrauchs (NEFZ\/WLTC-Zyklus usw.)<\/li>\n<li>Leistungssimulation\n<ul>\n<li>Beschleunigungsverhalten<\/li>\n<li>Wiederbeschleunigungsverhalten<\/li>\n<\/ul>\n<\/li>\n<li>Simulation des Fahrverhaltens\n<ul>\n<li>Beschleunigung (aus dem Stillstand)<\/li>\n<li>Beschleunigung (aus dem Stand)<\/li>\n<li>Saw Tooth &amp;Tip in(Busy shift check)<\/li>\n<li>Realer Stra\u00dfenzyklus (z.B. typischer Fahrzyklus von RLD)<\/li>\n<li>Generieren und Optimieren von Schaltkennfeldern<\/li>\n<\/ul>\n<\/li>\n<li>ECO-Schaltkennfeld\/Sport-Schaltkennfeld<\/li>\n<li>Pr\u00fcfen und Optimieren der Pedalkennlinie<\/li>\n<\/ul>\n<p>[\/vc_column_text][\/vc_column][\/vc_row][vc_row][vc_column][vc_column_text css=&#8220;.vc_custom_1594402331468{margin-bottom: 5px !important;padding-top: 25px !important;padding-right: 15px !important;padding-bottom: 25px !important;padding-left: 35px !important;background-color: #124180 !important;}&#8220; el_class=&#8220;light_text rounded&#8220;]<\/p>\n<h3 style=\"text-transform: uppercase;\">NVH<\/h3>\n<p>[\/vc_column_text][vc_row_inner css=&#8220;.vc_custom_1594402674850{margin-right: 0px !important;margin-left: 0px !important;background-color: rgba(255,255,255,0.8) !important;*background-color: rgb(255,255,255) !important;}&#8220;][vc_column_inner width=&#8220;1\/2&#8243; la_animation_duration=&#8220;1&#8243; la_animation_delay=&#8220;0&#8243; la_animation_iteration_count=&#8220;1&#8243; css=&#8220;.vc_custom_1594402827194{padding-right: 0px !important;padding-left: 0px !important;}&#8220;][vc_column_text css=&#8220;.vc_custom_1594402423167{padding-top: 25px !important;padding-right: 15px !important;padding-bottom: 25px !important;padding-left: 35px !important;}&#8220;]GETEC verf\u00fcgt \u00fcber langj\u00e4hrige Erfahrung in der NVH-Optimierung und Probleml\u00f6sung bei verschiedenen Antriebssystemen und bietet umfassende L\u00f6sungen f\u00fcr die NVH-Probleme herk\u00f6mmlicher und neuer Antriebsstr\u00e4nge.[\/vc_column_text][\/vc_column_inner][vc_column_inner width=&#8220;1\/2&#8243; la_animation_duration=&#8220;1&#8243; la_animation_delay=&#8220;0&#8243; la_animation_iteration_count=&#8220;1&#8243; css=&#8220;.vc_custom_1594402729746{padding-top: 0px !important;padding-right: 0px !important;padding-left: 0px !important;}&#8220;][vc_single_image image=&#8220;119&#8243; img_size=&#8220;full&#8220; alignment=&#8220;center&#8220; css=&#8220;.vc_custom_1594402706816{margin-bottom: 0px !important;}&#8220;][\/vc_column_inner][\/vc_row_inner][\/vc_column][\/vc_row][\/vc_section][vc_section full_width=&#8220;stretch_row&#8220; css=&#8220;.vc_custom_1601982189060{padding-top: 0px !important;background-image: url(https:\/\/getec-gmbh.com\/wp-content\/uploads\/contact1-bg.jpg?id=124) !important;background-position: center !important;background-repeat: no-repeat !important;background-size: cover !important;}&#8220;][vc_row css=&#8220;.vc_custom_1594327750595{border-top-width: 3px !important;background-color: #ffffff !important;border-top-color: #124180 !important;border-top-style: solid !important;}&#8220;][vc_column la_animation_duration=&#8220;1&#8243; la_animation_delay=&#8220;0&#8243; la_animation_iteration_count=&#8220;1&#8243;][vc_column_text]<\/p>\n<h2>F\u00fcr weitere Details kontaktieren Sie bitte unser Team.<br \/>\nWir werden uns umgehend mit Ihnen in Verbindung setzen.<\/h2>\n<p>[\/vc_column_text][vc_row_inner el_class=&#8220;branded2&#8243;][vc_column_inner width=&#8220;1\/2&#8243;][vc_column_text]<span style=\"color: #124180;\"><strong>F\u00fcr den europ\u00e4ischen Markt, kontaktieren Sie bitte:<br \/>\n<\/strong><\/span>Herr Michael Spielmann<br \/>\nKey Account Manager<br \/>\n<i class=\"fa fa-phone\" style=\"margin-right: 5px;\"><\/i> +49 2464 90266 266<br \/>\n<i class=\"fa fa-at\" style=\"margin-right: 7px;\"><\/i>michael.spielmann@getec-gmbh.com[\/vc_column_text][\/vc_column_inner][vc_column_inner width=&#8220;1\/2&#8243;][vc_column_text]<span style=\"color: #124180;\"><strong>F\u00fcr den asiatischen Markt, kontaktieren Sie bitte:<br \/>\n<\/strong><\/span>Herr Xia Shaohua<br \/>\nProjekt- und Gesch\u00e4ftsdirektor<br \/>\n<i class=\"fa fa-phone\" style=\"margin-right: 5px;\"><\/i>+86 512 6895 2081<br \/>\n<i class=\"fa fa-at\" style=\"margin-right: 7px;\"><\/i>shaohua.xia@getec-gmbh.com[\/vc_column_text][\/vc_column_inner][\/vc_row_inner][\/vc_column][\/vc_row][vc_row][vc_column la_animation_duration=&#8220;1&#8243; la_animation_delay=&#8220;0&#8243; la_animation_iteration_count=&#8220;1&#8243; offset=&#8220;vc_hidden-md vc_hidden-sm vc_hidden-xs&#8220;][vc_empty_space height=&#8220;250px&#8220;][\/vc_column][\/vc_row][\/vc_section]<\/p>\n<\/div>","protected":false},"excerpt":{"rendered":"<p>[vc_row][vc_column][\/vc_column][\/vc_row][vc_row full_width=&#8220;stretch_row_content&#8220; content_placement=&#8220;top&#8220; css=&#8220;.vc_custom_1597239300013{padding-top: 20px !important;padding-bottom: 20px !important;}&#8220;][vc_column width=&#8220;1\/12&#8243;][\/vc_column][vc_column width=&#8220;1\/6&#8243; la_animation_duration=&#8220;1&#8243; la_animation_delay=&#8220;0&#8243; la_animation_iteration_count=&#8220;1&#8243; offset=&#8220;vc_hidden-sm vc_hidden-xs&#8220; css=&#8220;.vc_custom_1597234321757{margin-right: 35px !important;border-top-width: 1px !important;border-right-width: 1px !important;border-bottom-width: 1px !important;border-left-width: 1px !important;padding-left: 35px !important;border-left-color: #124180 !important;border-left-style: solid !important;border-right-color: #124180 !important;border-right-style: solid !important;border-top-color: #124180 !important;border-top-style: solid !important;border-bottom-color: #124180 !important;border-bottom-style: solid !important;}&#8220;][vc_wp_custommenu nav_menu=&#8220;36&#8243;][\/vc_column][vc_column width=&#8220;1\/4&#8243;][vc_column_text] GETEC BIETET EINE VIELZAHL VON DIENSTLEISTUNGEN IM BEREICH DER FAHRZEUGTECHNIK AN. GETEC unterst\u00fctzt Kunden&hellip;<\/p>\n","protected":false},"author":1,"featured_media":0,"parent":0,"menu_order":0,"comment_status":"closed","ping_status":"closed","template":"","meta":{"footnotes":""},"class_list":["post-2989","page","type-page","status-publish","hentry"],"_links":{"self":[{"href":"https:\/\/www.getec-gmbh.com\/de\/wp-json\/wp\/v2\/pages\/2989","targetHints":{"allow":["GET"]}}],"collection":[{"href":"https:\/\/www.getec-gmbh.com\/de\/wp-json\/wp\/v2\/pages"}],"about":[{"href":"https:\/\/www.getec-gmbh.com\/de\/wp-json\/wp\/v2\/types\/page"}],"author":[{"embeddable":true,"href":"https:\/\/www.getec-gmbh.com\/de\/wp-json\/wp\/v2\/users\/1"}],"replies":[{"embeddable":true,"href":"https:\/\/www.getec-gmbh.com\/de\/wp-json\/wp\/v2\/comments?post=2989"}],"version-history":[{"count":6,"href":"https:\/\/www.getec-gmbh.com\/de\/wp-json\/wp\/v2\/pages\/2989\/revisions"}],"predecessor-version":[{"id":3720,"href":"https:\/\/www.getec-gmbh.com\/de\/wp-json\/wp\/v2\/pages\/2989\/revisions\/3720"}],"wp:attachment":[{"href":"https:\/\/www.getec-gmbh.com\/de\/wp-json\/wp\/v2\/media?parent=2989"}],"curies":[{"name":"wp","href":"https:\/\/api.w.org\/{rel}","templated":true}]}}