{"id":2983,"date":"2020-07-02T14:58:36","date_gmt":"2020-07-02T12:58:36","guid":{"rendered":"https:\/\/getec-gmbh.com\/driveline-product-development\/"},"modified":"2023-01-18T11:23:04","modified_gmt":"2023-01-18T10:23:04","slug":"produktentwicklung-fuer-den-antriebsstrang","status":"publish","type":"page","link":"https:\/\/www.getec-gmbh.com\/de\/produktentwicklung-fuer-den-antriebsstrang\/","title":{"rendered":"Produktentwicklung f\u00fcr den Antriebsstrang"},"content":{"rendered":"<div class=\"wpb-content-wrapper\"><p>[vc_row][vc_column]\n\t\t\t<!-- START Driveline Product Development REVOLUTION SLIDER 6.7.34 --><p class=\"rs-p-wp-fix\"><\/p>\n\t\t\t<rs-module-wrap id=\"rev_slider_4_1_wrapper\" data-source=\"gallery\" style=\"visibility:hidden;background:transparent;padding:0;margin:0px auto;margin-top:0;margin-bottom:0;\">\n\t\t\t\t<rs-module id=\"rev_slider_4_1\" style=\"\" data-version=\"6.7.34\">\n\t\t\t\t\t<rs-slides style=\"overflow: hidden; position: absolute;\">\n\t\t\t\t\t\t<rs-slide style=\"position: absolute;\" data-key=\"rs-68\" data-title=\"Slide\" data-in=\"o:0;\" data-out=\"a:false;\">\n\t\t\t\t\t\t\t<img decoding=\"async\" src=\"\/\/www.getec-gmbh.com\/wp-content\/plugins\/revslider\/sr6\/assets\/assets\/dummy.png\" alt=\"\" title=\"driveline-product-dev-head\" width=\"1920\" height=\"600\" class=\"rev-slidebg tp-rs-img rs-lazyload\" data-lazyload=\"\/\/getec-gmbh.com\/wp-content\/uploads\/driveline-product-dev-head.jpg\" data-no-retina>\n<!--\n\t\t\t\t\t\t\t--><rs-layer\n\t\t\t\t\t\t\t\tid=\"slider-4-slide-68-layer-0\" \n\t\t\t\t\t\t\t\tdata-type=\"shape\"\n\t\t\t\t\t\t\t\tdata-rsp_ch=\"on\"\n\t\t\t\t\t\t\t\tdata-xy=\"x:l,l,l,r;xo:64px,64px,64px,0;y:t,t,t,b;yo:90px,90px,90px,0;\"\n\t\t\t\t\t\t\t\tdata-text=\"w:normal;\"\n\t\t\t\t\t\t\t\tdata-dim=\"w:573px,573px,573px,377px;h:230px,230px,230px,143px;\"\n\t\t\t\t\t\t\t\tdata-blendmode=\"multiply\"\n\t\t\t\t\t\t\t\tdata-border=\"bor:65px,0,0,0;\"\n\t\t\t\t\t\t\t\tdata-frame_999=\"o:0;st:w;\"\n\t\t\t\t\t\t\t\tstyle=\"z-index:5;background-color:#878786;\"\n\t\t\t\t\t\t\t> \n\t\t\t\t\t\t\t<\/rs-layer><!--\n\n\t\t\t\t\t\t\t--><rs-layer\n\t\t\t\t\t\t\t\tid=\"slider-4-slide-68-layer-1\" \n\t\t\t\t\t\t\t\tdata-type=\"text\"\n\t\t\t\t\t\t\t\tdata-rsp_ch=\"on\"\n\t\t\t\t\t\t\t\tdata-xy=\"xo:121px,121px,121px,140px;yo:133px,133px,133px,236px;\"\n\t\t\t\t\t\t\t\tdata-text=\"w:normal;s:40,40,40,29;l:42,42,42,29;\"\n\t\t\t\t\t\t\t\tdata-dim=\"w:auto,auto,auto,336px;\"\n\t\t\t\t\t\t\t\tdata-frame_999=\"o:0;st:w;\"\n\t\t\t\t\t\t\t\tstyle=\"z-index:6;font-family:'Catamaran';text-transform:uppercase;\"\n\t\t\t\t\t\t\t>Produktentwicklung <br \/>\nf\u00fcr den Antriebsstrang \n\t\t\t\t\t\t\t<\/rs-layer><!--\n\n\t\t\t\t\t\t\t--><rs-layer\n\t\t\t\t\t\t\t\tid=\"slider-4-slide-68-layer-2\" \n\t\t\t\t\t\t\t\tdata-type=\"shape\"\n\t\t\t\t\t\t\t\tdata-rsp_ch=\"on\"\n\t\t\t\t\t\t\t\tdata-xy=\"xo:121px,121px,121px,140px;yo:235px,235px,235px,307px;\"\n\t\t\t\t\t\t\t\tdata-text=\"w:normal;\"\n\t\t\t\t\t\t\t\tdata-dim=\"w:200px,200px,200px,77px;h:3px,3px,3px,1px;\"\n\t\t\t\t\t\t\t\tdata-frame_999=\"o:0;st:w;\"\n\t\t\t\t\t\t\t\tstyle=\"z-index:7;background-color:#ffffff;\"\n\t\t\t\t\t\t\t> \n\t\t\t\t\t\t\t<\/rs-layer><!--\n\n\t\t\t\t\t\t\t--><rs-layer\n\t\t\t\t\t\t\t\tid=\"slider-4-slide-68-layer-3\" \n\t\t\t\t\t\t\t\tdata-type=\"text\"\n\t\t\t\t\t\t\t\tdata-rsp_ch=\"on\"\n\t\t\t\t\t\t\t\tdata-xy=\"xo:121px,121px,121px,140px;yo:257px,257px,257px,315px;\"\n\t\t\t\t\t\t\t\tdata-text=\"w:normal;s:16;\"\n\t\t\t\t\t\t\t\tdata-frame_999=\"o:0;st:w;\"\n\t\t\t\t\t\t\t\tstyle=\"z-index:8;font-family:'Catamaran';\"\n\t\t\t\t\t\t\t>Effektive Planung - Erfolgreiche Projekte \n\t\t\t\t\t\t\t<\/rs-layer><!--\n\n\t\t\t\t\t\t\t--><rs-layer\n\t\t\t\t\t\t\t\tid=\"slider-4-slide-68-layer-5\" \n\t\t\t\t\t\t\t\tdata-type=\"image\"\n\t\t\t\t\t\t\t\tdata-rsp_ch=\"on\"\n\t\t\t\t\t\t\t\tdata-xy=\"xo:1023px,1023px,1023px,395px;yo:133px,133px,133px,50px;\"\n\t\t\t\t\t\t\t\tdata-text=\"w:normal;\"\n\t\t\t\t\t\t\t\tdata-dim=\"w:111px,111px,111px,42px;h:149px,149px,149px,57px;\"\n\t\t\t\t\t\t\t\tdata-frame_999=\"o:0;st:w;\"\n\t\t\t\t\t\t\t\tstyle=\"z-index:9;\"\n\t\t\t\t\t\t\t><img decoding=\"async\" src=\"\/\/www.getec-gmbh.com\/wp-content\/plugins\/revslider\/sr6\/assets\/assets\/dummy.png\" alt=\"\" class=\"tp-rs-img rs-lazyload\" data-lazyload=\"\/\/getec-gmbh.com\/wp-content\/uploads\/dl-prod-dev-icon.svg\" data-no-retina> \n\t\t\t\t\t\t\t<\/rs-layer><!--\n\n\t\t\t\t\t\t\t--><rs-layer\n\t\t\t\t\t\t\t\tid=\"slider-4-slide-68-layer-6\" \n\t\t\t\t\t\t\t\tdata-type=\"image\"\n\t\t\t\t\t\t\t\tdata-rsp_ch=\"on\"\n\t\t\t\t\t\t\t\tdata-xy=\"x:r;y:b;\"\n\t\t\t\t\t\t\t\tdata-text=\"w:normal;\"\n\t\t\t\t\t\t\t\tdata-dim=\"w:272px,272px,272px,104px;h:292px,292px,292px,112px;\"\n\t\t\t\t\t\t\t\tdata-frame_999=\"o:0;st:w;\"\n\t\t\t\t\t\t\t\tstyle=\"z-index:10;\"\n\t\t\t\t\t\t\t><img decoding=\"async\" src=\"\/\/www.getec-gmbh.com\/wp-content\/plugins\/revslider\/sr6\/assets\/assets\/dummy.png\" alt=\"\" class=\"tp-rs-img rs-lazyload\" data-lazyload=\"\/\/getec-gmbh.com\/wp-content\/uploads\/logo-icon-white.svg\" data-no-retina> \n\t\t\t\t\t\t\t<\/rs-layer><!--\n-->\t\t\t\t\t<\/rs-slide>\n\t\t\t\t\t<\/rs-slides>\n\t\t\t\t<\/rs-module>\n\t\t\t\t<script>\n\t\t\t\t\tsetREVStartSize({c: 'rev_slider_4_1',rl:[1240,1240,1240,480],el:[400,400,400,350],gw:[1240,1240,1240,480],gh:[400,400,400,350],type:'standard',justify:'',layout:'fullwidth',mh:\"0\"});if (window.RS_MODULES!==undefined && window.RS_MODULES.modules!==undefined && window.RS_MODULES.modules[\"revslider41\"]!==undefined) {window.RS_MODULES.modules[\"revslider41\"].once = false;window.revapi4 = undefined;if (window.RS_MODULES.checkMinimal!==undefined) window.RS_MODULES.checkMinimal()}\n\t\t\t\t<\/script>\n\t\t\t<\/rs-module-wrap>\n\t\t\t<!-- END REVOLUTION SLIDER -->\n[\/vc_column][\/vc_row][vc_row full_width=&#8220;stretch_row_content&#8220; content_placement=&#8220;top&#8220; css=&#8220;.vc_custom_1597234603373{padding-top: 35px !important;}&#8220;][vc_column width=&#8220;1\/12&#8243;][\/vc_column][vc_column width=&#8220;1\/6&#8243; la_animation_duration=&#8220;1&#8243; la_animation_delay=&#8220;0&#8243; la_animation_iteration_count=&#8220;1&#8243; offset=&#8220;vc_hidden-sm vc_hidden-xs&#8220; css=&#8220;.vc_custom_1597234321757{margin-right: 35px !important;border-top-width: 1px !important;border-right-width: 1px !important;border-bottom-width: 1px !important;border-left-width: 1px !important;padding-left: 35px !important;border-left-color: #124180 !important;border-left-style: solid !important;border-right-color: #124180 !important;border-right-style: solid !important;border-top-color: #124180 !important;border-top-style: solid !important;border-bottom-color: #124180 !important;border-bottom-style: solid !important;}&#8220;][vc_wp_custommenu nav_menu=&#8220;36&#8243;][\/vc_column][vc_column width=&#8220;1\/4&#8243;][vc_column_text]<\/p>\n<h2>DAS GETEC-TEAM IST F\u00dcHREND IN DER ENTWICKLUNG VON ANTRIEBSSTRANGPRODUKTEN<\/h2>\n<p>GETEC verf\u00fcgt \u00fcber ein fortschrittliches Entwicklungsteam und eine Kooperation zwischen China und Deutschland, um Entwicklungszeit zu sparen. Die Software von GETEC basiert auf einem modularen Konzept. Zusammen mit unserer herausragenden Entwicklungserfahrung k\u00f6nnen Sie maximale Kundenzufriedenheit erzielen.[\/vc_column_text][\/vc_column][vc_column width=&#8220;1\/2&#8243;][vc_single_image image=&#8220;105&#8243; img_size=&#8220;400&#215;325&#8243; alignment=&#8220;center&#8220; onclick=&#8220;link_image&#8220;][\/vc_column][\/vc_row][vc_row el_class=&#8220;rounded&#8220; css=&#8220;.vc_custom_1594305314537{margin-bottom: 35px !important;background-color: #124180 !important;}&#8220;][vc_column width=&#8220;1\/2&#8243; la_animation_duration=&#8220;1&#8243; la_animation_delay=&#8220;0&#8243; la_animation_iteration_count=&#8220;1&#8243;][vc_column_text css=&#8220;.vc_custom_1674037325434{padding-right: 15px !important;padding-bottom: 15px !important;padding-left: 35px !important;}&#8220; el_class=&#8220;light_text&#8220;]<\/p>\n<h3 style=\"text-transform: uppercase;\">Wir bieten Ihnen<\/h3>\n<p>[\/vc_column_text][\/vc_column][vc_column width=&#8220;1\/2&#8243; la_animation_duration=&#8220;1&#8243; la_animation_delay=&#8220;0&#8243; la_animation_iteration_count=&#8220;1&#8243;][vc_column_text el_class=&#8220;light_text&#8220;]<\/p>\n<ul>\n<li>Produktentwicklung f\u00fcr den Antriebsstrang (GETEC V-Model)<\/li>\n<li>Fortgeschrittenes Prozessmanagement bei der Produktentwicklung<\/li>\n<li>Strenges Qualit\u00e4tsmanagement bei der Produktentwicklung<\/li>\n<\/ul>\n<p>[\/vc_column_text][\/vc_column][\/vc_row][vc_section full_width=&#8220;stretch_row&#8220; el_class=&#8220;branded&#8220; css=&#8220;.vc_custom_1594327250584{padding-top: 35px !important;padding-bottom: 35px !important;}&#8220;][vc_row][vc_column][vc_column_text]<\/p>\n<h2>Unser Produktportfolio:<\/h2>\n<p>[\/vc_column_text][\/vc_column][\/vc_row][vc_row][vc_column width=&#8220;1\/2&#8243;][vc_column_text css=&#8220;.vc_custom_1594308628915{margin-bottom: 5px !important;padding-top: 25px !important;padding-right: 15px !important;padding-bottom: 25px !important;padding-left: 35px !important;background-color: #124180 !important;}&#8220; el_class=&#8220;light_text rounded&#8220;]<\/p>\n<h3 style=\"text-transform: uppercase;\">DESIGN UND ENTWICKLUNG<\/h3>\n<p>[\/vc_column_text][vc_column_text css=&#8220;.vc_custom_1674037160018{padding-top: 25px !important;padding-right: 15px !important;padding-bottom: 25px !important;padding-left: 35px !important;background-color: rgba(255,255,255,0.8) !important;*background-color: rgb(255,255,255) !important;}&#8220; el_class=&#8220;min185&#8243;]<\/p>\n<ul>\n<li>Entwicklung von Systemanforderungen<\/li>\n<li>Konzept und detaillierter Entwurf<\/li>\n<li>CAE &amp; FEA Berechnung &amp; Analyse<\/li>\n<\/ul>\n<p>Das <strong><a href=\"https:\/\/getec-gmbh.com\/getit-ratiolyzer\/\">GETIT RatioLyzer<\/a><\/strong> Tool wurde von GETEC entwickelt, um die Auslegung von Getriebe\u00fcbersetzungen zu unterst\u00fctzen.<br \/>\nDas RatioLyzer Tool unterst\u00fctzt den Ingenieur bei der:<\/p>\n<ul>\n<li>Forschung &amp; Definition der idealen \u00dcbersetzung f\u00fcr ICE\/Hybrid\/EV, je nach\n<ul>\n<li>Leistungsanforderung<\/li>\n<li>Effizienter Anpassungsrate<\/li>\n<li>Vermeidung potenzieller NVH-Risiken<\/li>\n<\/ul>\n<\/li>\n<li>\u00dcberpr\u00fcfung des praktikablen Verh\u00e4ltnisses in der Zielanwendung<\/li>\n<\/ul>\n<p>[\/vc_column_text][\/vc_column][vc_column width=&#8220;1\/2&#8243;][vc_column_text css=&#8220;.vc_custom_1594308632993{margin-bottom: 5px !important;padding-top: 25px !important;padding-right: 15px !important;padding-bottom: 25px !important;padding-left: 35px !important;background-color: #124180 !important;}&#8220; el_class=&#8220;light_text rounded&#8220;]<\/p>\n<h3 style=\"text-transform: uppercase;\">SOFTWARE-ENTWICKLUNG<\/h3>\n<p>[\/vc_column_text][vc_column_text css=&#8220;.vc_custom_1594327295122{padding-top: 25px !important;padding-right: 15px !important;padding-bottom: 25px !important;padding-left: 35px !important;background-color: rgba(255,255,255,0.8) !important;*background-color: rgb(255,255,255) !important;}&#8220;]<\/p>\n<ul>\n<li>Entwicklung von Steuerungssoftware<\/li>\n<li>\u00dcberpr\u00fcfung und Validierung von Software:<br \/>\nMIL, SIL, HIL-Tests, Fahrzeugtests<\/li>\n<li>Kalibrierung von Steuerungssoftware<\/li>\n<li>Systemtest, Validierung und Verifizierung<\/li>\n<\/ul>\n<p>[\/vc_column_text][\/vc_column][\/vc_row][vc_row][vc_column width=&#8220;1\/2&#8243;][vc_column_text css=&#8220;.vc_custom_1674037182614{margin-bottom: 5px !important;padding-top: 25px !important;padding-right: 15px !important;padding-bottom: 25px !important;padding-left: 35px !important;background-color: #124180 !important;}&#8220; el_class=&#8220;light_text rounded&#8220;]<\/p>\n<h3 style=\"text-transform: uppercase;\">PRODUKTTESTs<\/h3>\n<p>[\/vc_column_text][vc_column_text css=&#8220;.vc_custom_1598020134828{padding-top: 25px !important;padding-right: 15px !important;padding-bottom: 25px !important;padding-left: 35px !important;background-color: rgba(255,255,255,0.8) !important;*background-color: rgb(255,255,255) !important;}&#8220; el_class=&#8220;min185&#8243;]<\/p>\n<ul>\n<li>Pr\u00fcfung von Komponenten, Systemen und Antriebsstr\u00e4ngen<\/li>\n<li>Fahrzeugtests (einschlie\u00dflich Hybrid und EV)<\/li>\n<li>DVP-Definition und Testverfolgung<\/li>\n<\/ul>\n<p>[\/vc_column_text][\/vc_column][vc_column width=&#8220;1\/2&#8243;][vc_column_text css=&#8220;.vc_custom_1594308716234{margin-bottom: 5px !important;padding-top: 25px !important;padding-right: 15px !important;padding-bottom: 25px !important;padding-left: 35px !important;background-color: #124180 !important;}&#8220; el_class=&#8220;light_text rounded&#8220;]<\/p>\n<h3 style=\"text-transform: uppercase;\">UNTERST\u00dcTZUNG DER INDUSTRIALISIERUNG<\/h3>\n<p>[\/vc_column_text][vc_column_text css=&#8220;.vc_custom_1598020165415{padding-top: 25px !important;padding-right: 15px !important;padding-bottom: 25px !important;padding-left: 35px !important;background-color: rgba(255,255,255,0.8) !important;*background-color: rgb(255,255,255) !important;}&#8220;]<\/p>\n<ul>\n<li>Produktionsorientierte Designentwicklung<br \/>\nund Montagefertigung<\/li>\n<li>Unterst\u00fctzung des Lieferkettenmanagements<\/li>\n<li>Planung von Produktionslinien<\/li>\n<li>Entwicklung von L\u00f6sungen f\u00fcr Produktprobleme<\/li>\n<\/ul>\n<p>[\/vc_column_text][\/vc_column][\/vc_row][\/vc_section][vc_section full_width=&#8220;stretch_row&#8220; css=&#8220;.vc_custom_1601982085823{padding-top: 0px !important;background-image: url(https:\/\/getec-gmbh.com\/wp-content\/uploads\/contact-bg.jpg?id=111) !important;background-position: center !important;background-repeat: no-repeat !important;background-size: cover !important;}&#8220;][vc_row css=&#8220;.vc_custom_1594327750595{border-top-width: 3px !important;background-color: #ffffff !important;border-top-color: #124180 !important;border-top-style: solid !important;}&#8220;][vc_column la_animation_duration=&#8220;1&#8243; la_animation_delay=&#8220;0&#8243; la_animation_iteration_count=&#8220;1&#8243;][vc_column_text]<\/p>\n<h2>F\u00fcr weitere Details kontaktieren Sie bitte unser Team.<br \/>\nWir werden uns umgehend mit Ihnen in Verbindung setzen.<\/h2>\n<p>[\/vc_column_text][vc_row_inner el_class=&#8220;branded2&#8243;][vc_column_inner width=&#8220;1\/2&#8243;][vc_column_text]<span style=\"color: #124180;\"><strong>F\u00fcr den europ\u00e4ischen Markt, kontaktieren Sie bitte:<br \/>\n<\/strong><\/span>Herr Michael Spielmann<br \/>\nKey Account Manager<br \/>\n<i class=\"fa fa-phone\" style=\"margin-right: 5px;\"><\/i>+49 2464 90266 266<br \/>\n<i class=\"fa fa-at\" style=\"margin-right: 7px;\"><\/i>michael.spielmann@getec-gmbh.com[\/vc_column_text][\/vc_column_inner][vc_column_inner width=&#8220;1\/2&#8243;][vc_column_text]<span style=\"color: #124180;\"><strong>F\u00fcr den asiatischen Markt, kontaktieren Sie bitte:<br \/>\n<\/strong><\/span>Herr Xia Shaohua<br \/>\nProjekt- und Gesch\u00e4ftsdirektor<br \/>\n<i class=\"fa fa-phone\" style=\"margin-right: 5px;\"><\/i>+86 512 6895 2081<br \/>\n<i class=\"fa fa-at\" style=\"margin-right: 7px;\"><\/i>shaohua.xia@getec-gmbh.com[\/vc_column_text][\/vc_column_inner][\/vc_row_inner][\/vc_column][\/vc_row][vc_row][vc_column la_animation_duration=&#8220;1&#8243; la_animation_delay=&#8220;0&#8243; la_animation_iteration_count=&#8220;1&#8243; offset=&#8220;vc_hidden-md vc_hidden-sm vc_hidden-xs&#8220;][vc_empty_space height=&#8220;250px&#8220;][\/vc_column][\/vc_row][\/vc_section]<\/p>\n<\/div>","protected":false},"excerpt":{"rendered":"<p>[vc_row][vc_column][\/vc_column][\/vc_row][vc_row full_width=&#8220;stretch_row_content&#8220; content_placement=&#8220;top&#8220; css=&#8220;.vc_custom_1597234603373{padding-top: 35px !important;}&#8220;][vc_column width=&#8220;1\/12&#8243;][\/vc_column][vc_column width=&#8220;1\/6&#8243; la_animation_duration=&#8220;1&#8243; la_animation_delay=&#8220;0&#8243; la_animation_iteration_count=&#8220;1&#8243; offset=&#8220;vc_hidden-sm vc_hidden-xs&#8220; css=&#8220;.vc_custom_1597234321757{margin-right: 35px !important;border-top-width: 1px !important;border-right-width: 1px !important;border-bottom-width: 1px !important;border-left-width: 1px !important;padding-left: 35px !important;border-left-color: #124180 !important;border-left-style: solid !important;border-right-color: #124180 !important;border-right-style: solid !important;border-top-color: #124180 !important;border-top-style: solid !important;border-bottom-color: #124180 !important;border-bottom-style: solid !important;}&#8220;][vc_wp_custommenu nav_menu=&#8220;36&#8243;][\/vc_column][vc_column width=&#8220;1\/4&#8243;][vc_column_text] DAS GETEC-TEAM IST F\u00dcHREND IN DER ENTWICKLUNG VON ANTRIEBSSTRANGPRODUKTEN GETEC verf\u00fcgt \u00fcber ein fortschrittliches Entwicklungsteam und&hellip;<\/p>\n","protected":false},"author":1,"featured_media":0,"parent":0,"menu_order":0,"comment_status":"closed","ping_status":"closed","template":"","meta":{"footnotes":""},"class_list":["post-2983","page","type-page","status-publish","hentry"],"_links":{"self":[{"href":"https:\/\/www.getec-gmbh.com\/de\/wp-json\/wp\/v2\/pages\/2983","targetHints":{"allow":["GET"]}}],"collection":[{"href":"https:\/\/www.getec-gmbh.com\/de\/wp-json\/wp\/v2\/pages"}],"about":[{"href":"https:\/\/www.getec-gmbh.com\/de\/wp-json\/wp\/v2\/types\/page"}],"author":[{"embeddable":true,"href":"https:\/\/www.getec-gmbh.com\/de\/wp-json\/wp\/v2\/users\/1"}],"replies":[{"embeddable":true,"href":"https:\/\/www.getec-gmbh.com\/de\/wp-json\/wp\/v2\/comments?post=2983"}],"version-history":[{"count":9,"href":"https:\/\/www.getec-gmbh.com\/de\/wp-json\/wp\/v2\/pages\/2983\/revisions"}],"predecessor-version":[{"id":3471,"href":"https:\/\/www.getec-gmbh.com\/de\/wp-json\/wp\/v2\/pages\/2983\/revisions\/3471"}],"wp:attachment":[{"href":"https:\/\/www.getec-gmbh.com\/de\/wp-json\/wp\/v2\/media?parent=2983"}],"curies":[{"name":"wp","href":"https:\/\/api.w.org\/{rel}","templated":true}]}}